{"id":458,"date":"2018-05-08T08:13:46","date_gmt":"2018-05-08T08:13:46","guid":{"rendered":"https:\/\/www.gms-tunisia.com\/?page_id=458"},"modified":"2022-05-05T23:36:20","modified_gmt":"2022-05-05T21:36:20","slug":"homepage","status":"publish","type":"page","link":"https:\/\/www.gms-tunisia.com\/en","title":{"rendered":"Homepage"},"content":{"rendered":"<div class=\"brz-root__container brz-reset-all\">\n<section data-uid=\"eG3Qiu7WTc\" id=\"eG3Qiu7WTc\" class=\"brz-section brz-css-qypic brz-css-vebtj\">\n<div class=\"brz-slick-slider brz-slick-slider__section\" data-slides-to-show=\"1\" data-slides-to-scroll=\"1\" data-arrows=\"true\" data-dots=\"true\" data-dots-class=\"brz-slick-slider__dots brz-slick-slider__dots--circle\" data-fade=\"false\" data-vertical=\"false\" data-auto-play=\"true\" data-auto-play-speed=\"6000\" data-swipe=\"true\" data-responsive=\"%5B%7B%22breakpoint%22%3A767%2C%22settings%22%3A%7B%22slidesToShow%22%3A1%2C%22slidesToScroll%22%3A1%7D%7D%5D\">\n<div>\n<div class=\"brz-section__content brz-section--boxed brz-css-nkrjd brz-css-gjzqx\" data-custom-id=\"X0XRZY4p0_\">\n<div class=\"brz-bg\">\n<div class=\"brz-bg-image\"><\/div>\n<\/div>\n<div class=\"brz-container brz-css-vsmbu\">\n<div class=\"brz-css-wrplp brz-css-kcido brz-wrapper\">\n<div class=\"brz-spacer brz-css-xbuii brz-css-wsdds\"><\/div>\n<\/div>\n<div class=\"brz-row__container brz-css-dtule\" data-custom-id=\"uIIEkSIQXV\">\n<div class=\"brz-row brz-css-lgdur brz-css-plgdk\">\n<div data-iteration-count=\"1\" class=\"brz-columns brz-css-oaicu brz-css-ibrln brz-animated brz-css-dwvom brz-css-cxhwh\" data-custom-id=\"V_dDm0FNa3\">\n<div class=\"brz-column__items brz-css-rclxc\">\n<div class=\"brz-css-wrplp brz-wrapper\">\n<div class=\"brz-rich-text brz-css-jwivx\" data-custom-id=\"IZHSruHT6J\">\n<div>\n<h4 class=\"brz-css-dmkpt\" data-uniq-id=\"umtlq\" data-generated-css=\"brz-css-pujly\"><\/h4>\n<\/div>\n<\/div>\n<\/div>\n<div class=\"brz-css-wrplp brz-css-ghfff brz-wrapper\">\n<div class=\"brz-rich-text brz-css-jwivx\" data-custom-id=\"cb11e1vqUI\">\n<div>\n<h1 class=\"brz-css-jssku\" data-uniq-id=\"odfao\" data-generated-css=\"brz-css-hrnva\"><span class=\"brz-cp-color6\">Vibration <\/span><\/h1>\n<h1 class=\"brz-css-dljrq\" data-uniq-id=\"fyqfw\" data-generated-css=\"brz-css-wtbxt\"><span class=\"brz-cp-color3\">Analysis<\/span><\/h1>\n<\/div>\n<\/div>\n<\/div>\n<\/div>\n<\/div>\n<\/div>\n<\/div>\n<\/div>\n<\/div>\n<\/div>\n<div>\n<div class=\"brz-section__content brz-section--boxed brz-css-nkrjd brz-css-uhwfj\" data-custom-id=\"k0Zxsmmfys\">\n<div class=\"brz-bg\">\n<div class=\"brz-bg-image\"><\/div>\n<\/div>\n<div class=\"brz-container brz-css-vsmbu\">\n<div class=\"brz-css-wrplp brz-css-kcido brz-wrapper\">\n<div class=\"brz-spacer brz-css-xbuii\"><\/div>\n<\/div>\n<div class=\"brz-row__container brz-css-dtule\" data-custom-id=\"TkdQcq3Scu\">\n<div class=\"brz-row brz-css-lgdur brz-css-plgdk\">\n<div data-iteration-count=\"1\" class=\"brz-columns brz-css-oaicu brz-css-wnhfk brz-animated brz-css-dwvom brz-css-ofqbk\" data-custom-id=\"GRPV97FeJa\">\n<div class=\"brz-column__items brz-css-rclxc\">\n<div class=\"brz-css-wrplp brz-wrapper\">\n<div class=\"brz-rich-text brz-css-jwivx\" data-custom-id=\"Nb0j6jsgYu\">\n<div>\n<h6 class=\"brz-css-pwwan\" data-uniq-id=\"jmhas\" data-generated-css=\"brz-css-sulwt\"><\/h6>\n<\/div>\n<\/div>\n<\/div>\n<div class=\"brz-css-wrplp brz-css-ljxpw brz-wrapper\">\n<div class=\"brz-rich-text brz-css-jwivx\" data-custom-id=\"1nWSlA07Mf\">\n<div>\n<h2 class=\"brz-css-mmixc\" data-generated-css=\"brz-css-vivgc\" data-uniq-id=\"ylidp\"><strong class=\"brz-cp-color6\">Infrared thermography <\/strong><\/h2>\n<h2 class=\"brz-css-ibpxh\" data-generated-css=\"brz-css-njbli\" data-uniq-id=\"tqiit\"><strong class=\"brz-cp-color3\">control<\/strong><\/h2>\n<\/div>\n<\/div>\n<\/div>\n<\/div>\n<\/div>\n<\/div>\n<\/div>\n<\/div>\n<\/div>\n<\/div>\n<div>\n<div class=\"brz-section__content brz-section--boxed brz-css-nkrjd brz-css-xnkuw\" data-custom-id=\"TXZTrjgWvm\">\n<div class=\"brz-bg\">\n<div class=\"brz-bg-image\"><\/div>\n<div class=\"brz-bg-color\"><\/div>\n<\/div>\n<div class=\"brz-container brz-css-vsmbu\">\n<div class=\"brz-css-wrplp brz-css-kcido brz-wrapper\">\n<div class=\"brz-spacer brz-css-xbuii\"><\/div>\n<\/div>\n<div class=\"brz-row__container brz-css-dtule\" data-custom-id=\"mnR4zei7as\">\n<div class=\"brz-row brz-css-lgdur brz-css-plgdk\">\n<div data-iteration-count=\"1\" class=\"brz-columns brz-css-oaicu brz-css-azghw brz-animated brz-css-dwvom brz-css-vajqo\" data-custom-id=\"2FM5qgx8jv\">\n<div class=\"brz-column__items brz-css-rclxc\">\n<div class=\"brz-css-wrplp brz-wrapper\">\n<div class=\"brz-rich-text brz-css-jwivx\" data-custom-id=\"g4VdD87MC_\">\n<div>\n<h6 class=\"brz-css-jrrcv\" data-uniq-id=\"ftblp\" data-generated-css=\"brz-css-qnoor\"><\/h6>\n<\/div>\n<\/div>\n<\/div>\n<div class=\"brz-css-wrplp brz-css-fejzh brz-wrapper\">\n<div class=\"brz-rich-text brz-css-jwivx\" data-custom-id=\"caLNWPwk48\">\n<div>\n<h2 class=\"brz-css-fgmlb\" data-generated-css=\"brz-css-wwiut\" data-uniq-id=\"reqfm\"><strong class=\"brz-cp-color6\">Oil analysis in service of Industrial <\/strong><strong class=\"brz-cp-color3\">installations<\/strong><\/h2>\n<\/div>\n<\/div>\n<\/div>\n<\/div>\n<\/div>\n<\/div>\n<\/div>\n<\/div>\n<\/div>\n<\/div>\n<p><svg viewbox=\"0 0 16 16\" xmlns=\"http:\/\/www.w3.org\/2000\/svg\" class=\"brz-icon-svg brz-hidden\" data-type=\"editor\" data-name=\"right-arrow-thin\"><g class=\"nc-icon-wrapper\" fill=\"currentColor\"><title>thin<\/title><path d=\"M5.025 16L4 15.009 11.25 8 4 .991 5.025 0l7.762 7.504a.684.684 0 0 1 0 .992L5.025 16z\" fill=\"currentColor\" fill-rule=\"nonzero\" stroke=\"none\" stroke-width=\"1\" \/><\/g><\/svg>\n<\/div>\n<\/section>\n<section data-uid=\"DuRnyi79cS\" id=\"DuRnyi79cS\" class=\"brz-section brz-css-qypic brz-css-rhldg\">\n<div class=\"brz-section__content brz-section--boxed brz-css-nkrjd brz-css-hftbp\" data-custom-id=\"yujiJMPvMk\">\n<div class=\"brz-container brz-css-vsmbu\">\n<div class=\"brz-css-wrplp brz-css-ibsbo brz-wrapper\">\n<div class=\"brz-rich-text brz-css-jwivx\" data-custom-id=\"N1wzyagGO3\">\n<div>\n<p class=\"brz-css-aijbu\" data-uniq-id=\"eajib\" data-generated-css=\"brz-css-ciape\"><span class=\"brz-cp-color3\">Who are we ?<\/span><\/p>\n<\/div>\n<\/div>\n<\/div>\n<div class=\"brz-css-wrplp brz-wrapper\">\n<div class=\"brz-line brz-css-hohnf brz-css-zlutp\" data-custom-id=\"kyudasxznmsjabiejuohrvydvqgbfxpszzte\">\n<hr class=\"brz-hr\" \/><\/div>\n<\/div>\n<div class=\"brz-row__container brz-css-dtule\" data-custom-id=\"P98Sdfzg~d\">\n<div class=\"brz-row brz-css-lgdur\">\n<div class=\"brz-columns brz-css-oaicu brz-css-bpgvz\" data-custom-id=\"Trw2T67iDf\">\n<div class=\"brz-column__items brz-css-rclxc\">\n<div class=\"brz-css-wrplp brz-css-kcido brz-wrapper\">\n<div class=\"brz-spacer brz-css-xbuii brz-css-cyzpg\"><\/div>\n<\/div>\n<div class=\"brz-css-wrplp brz-css-sybmi brz-wrapper\">\n<div class=\"brz-rich-text brz-css-jwivx\" data-custom-id=\"o4KKn5cDGj\">\n<div>\n<p class=\"brz-css-katby\" data-generated-css=\"brz-css-zkkyy\" data-uniq-id=\"jirjo\"><strong class=\"brz-cp-color1\">GMS<\/strong><span class=\"brz-cp-color7\"> is a Tunisian service company specialized in the field of preventive conditional maintenance of industrial installations.<\/span><\/p>\n<p class=\"brz-css-ylafu\" data-generated-css=\"brz-css-zkkyy\" data-uniq-id=\"jirjo\"><span class=\"brz-cp-color7\">Our company offers its services to companies in several countries on the African continent such as Algeria, Morocco, Libya, and Guinea. <\/span><\/p>\n<\/div>\n<\/div>\n<\/div>\n<\/div>\n<\/div>\n<\/div>\n<\/div>\n<\/div>\n<\/div>\n<\/section>\n<section data-uid=\"aurtaxfqzfkwjrbxyvhtpallaxteovxctecn\" id=\"aurtaxfqzfkwjrbxyvhtpallaxteovxctecn\" class=\"brz-section brz-css-qypic\">\n<div class=\"brz-section__content brz-section--boxed brz-css-nkrjd brz-css-uokmf\" data-custom-id=\"uphittirhlikhvmxenxwuezvfsbmzezcqppp\">\n<div class=\"brz-container brz-css-vsmbu\">\n<div class=\"brz-css-wrplp brz-css-gefrm brz-wrapper\">\n<div class=\"brz-rich-text brz-css-jwivx\" data-custom-id=\"etjvrdbrmahbfjydontbvlxoxtfjxumlmbfv\">\n<div>\n<h3 class=\"brz-css-ybdjv\" data-uniq-id=\"tjnzi\" data-generated-css=\"brz-css-hlwlq\"><span class=\"brz-cp-color3\">Our Services<\/span><\/h3>\n<\/div>\n<\/div>\n<\/div>\n<div class=\"brz-css-wrplp brz-wrapper\">\n<div class=\"brz-line brz-css-hohnf brz-css-yvaxg\" data-custom-id=\"rjgpqxxrauvjnrlqbhixcixlhpjolflpkqwy\">\n<hr class=\"brz-hr\" \/><\/div>\n<\/div>\n<div class=\"brz-css-wrplp brz-css-kcido brz-wrapper\">\n<div class=\"brz-spacer brz-css-xbuii brz-css-nducw\"><\/div>\n<\/div>\n<div class=\"brz-row__container brz-css-dtule\" data-custom-id=\"ukbmakzvjbywbnzqmfndikyjydakzspxhtqd\">\n<div class=\"brz-row brz-css-lgdur\">\n<div class=\"brz-columns brz-css-oaicu\" data-custom-id=\"loeobtqpuatgzcfozibdieloedqyvozyrvsb\">\n<div class=\"brz-column__items brz-css-rclxc\">\n<div class=\"brz-css-wrplp brz-css-kcido brz-wrapper\">\n<div class=\"brz-spacer brz-css-xbuii brz-css-phatj\"><\/div>\n<\/div>\n<div class=\"brz-row__container brz-css-dtule\" data-custom-id=\"lezhkvgzzqrjceofjjrvxmlmroavhcdfgunc\">\n<div class=\"brz-row brz-row--inner brz-css-lgdur brz-css-plgdk\">\n<div class=\"brz-columns brz-css-oaicu brz-css-cpnzm\" data-custom-id=\"lzdgxogqvdupctsyvdcjgohnfkjfuztcvdvo\">\n<div class=\"brz-bg\"><\/div>\n<div class=\"brz-column__items brz-css-rclxc brz-css-uzznm\">\n<div class=\"brz-css-wrplp brz-css-vmkqq brz-wrapper\">\n<div class=\"brz-rich-text brz-css-jwivx\" data-custom-id=\"erenikcxfpoteylbwdsxrvvtidsklzoesavt\">\n<div>\n<p class=\"brz-css-qiiwi\" data-generated-css=\"brz-css-idijt\" data-uniq-id=\"rwsdb\"><strong class=\"brz-cp-color1\">Vibration analysis<\/strong><\/p>\n<\/div>\n<\/div>\n<\/div>\n<div class=\"brz-css-wrplp brz-wrapper\">\n<div class=\"brz-rich-text brz-css-jwivx\" data-custom-id=\"cduutgswyuxehkfvjckmvcrdwopwvcfitqzr\">\n<div>\n<ul>\n<li class=\"brz-css-immpq\" data-uniq-id=\"wnncn\" data-generated-css=\"brz-css-ivxkj\"><span class=\"brz-cp-color7\">Preventive maintenance by periodic \u201cOff-line\u201d measurement and monitoring<\/span><\/li>\n<li class=\"brz-css-dssxs\" data-uniq-id=\"kaaxs\" data-generated-css=\"brz-css-thueg\"><span class=\"brz-cp-color7\">Vibration expertise in rotating machines, structures, and pipes<\/span><\/li>\n<li class=\"brz-css-qxrxl\" data-uniq-id=\"jbupy\" data-generated-css=\"brz-css-oebao\"><span class=\"brz-cp-color7\">Alignment and balancing <\/span><\/li>\n<\/ul>\n<\/div>\n<\/div>\n<\/div>\n<\/div>\n<\/div>\n<\/div>\n<\/div>\n<\/div>\n<\/div>\n<div class=\"brz-columns brz-css-oaicu brz-css-lxiwr\" data-custom-id=\"ckszczloifvhwliamfpgjzfglrmthvjwrkna\">\n<div class=\"brz-column__items brz-css-rclxc brz-css-ezrmk\">\n<div class=\"brz-css-wrplp brz-css-udhvn brz-wrapper\">\n<div class=\"brz-image brz-css-qeocv\"><picture class=\"brz-picture brz-d-block brz-p-relative brz-css-jwhjy\" data-custom-id=\"hxmzaxsoeloyvrboujpnjuhdjrjkudduivrb\"><source srcset=\"https:\/\/www.gms-tunisia.com\/wp-content\/uploads\/brizy\/imgs\/IMG_20220404_142934-777x411x101x0x575x411x1651700625.jpg 1x, https:\/\/www.gms-tunisia.com\/?brizy_media=wp-9cb5205243255f53fb34a5d9b5f09308.jpg&#038;brizy_crop=iW%3D1554%26iH%3D822%26oX%3D202%26oY%3D0%26cW%3D1150%26cH%3D822 2x\" media=\"(min-width: 992px)\" \/><source srcset=\"https:\/\/www.gms-tunisia.com\/?brizy_media=wp-9cb5205243255f53fb34a5d9b5f09308.jpg&#038;brizy_crop=iW%3D479%26iH%3D253%26oX%3D62%26oY%3D0%26cW%3D354%26cH%3D253 1x, https:\/\/www.gms-tunisia.com\/?brizy_media=wp-9cb5205243255f53fb34a5d9b5f09308.jpg&#038;brizy_crop=iW%3D958%26iH%3D506%26oX%3D124%26oY%3D0%26cW%3D708%26cH%3D506 2x\" media=\"(min-width: 768px)\" \/><img class=\"brz-img\" srcset=\"https:\/\/www.gms-tunisia.com\/?brizy_media=wp-9cb5205243255f53fb34a5d9b5f09308.jpg&#038;brizy_crop=iW%3D581%26iH%3D307%26oX%3D76%26oY%3D0%26cW%3D430%26cH%3D307 1x, https:\/\/www.gms-tunisia.com\/?brizy_media=wp-9cb5205243255f53fb34a5d9b5f09308.jpg&#038;brizy_crop=iW%3D1162%26iH%3D614%26oX%3D152%26oY%3D0%26cW%3D860%26cH%3D614 2x\" src=\"https:\/\/www.gms-tunisia.com\/wp-content\/uploads\/brizy\/imgs\/IMG_20220404_142934-777x411x101x0x575x411x1651700625.jpg\" alt=\"\" draggable=\"false\" loading=\"lazy\" \/><\/picture><\/div>\n<\/div>\n<\/div>\n<\/div>\n<\/div>\n<\/div>\n<div class=\"brz-css-wrplp brz-css-kcido brz-wrapper\">\n<div class=\"brz-spacer brz-css-xbuii brz-css-hzynm\"><\/div>\n<\/div>\n<div class=\"brz-row__container brz-css-dtule\" data-custom-id=\"gpejqukyshvcsekjntzgwblcbhaifhnuklgl\">\n<div class=\"brz-row brz-css-lgdur\">\n<div class=\"brz-columns brz-css-oaicu brz-css-dgxog\" data-custom-id=\"dnnzuqettlmymhzjuvxatjgnoapczisxbsjv\">\n<div class=\"brz-column__items brz-css-rclxc brz-css-piuic\">\n<div class=\"brz-css-wrplp brz-css-dqnen brz-wrapper\">\n<div class=\"brz-image brz-css-yzfeq\"><picture class=\"brz-picture brz-d-block brz-p-relative brz-css-clknb\" data-custom-id=\"mnezcpitbfbrrqjtpmkvuzlmbjgbmuohtvjn\"><source srcset=\"https:\/\/www.gms-tunisia.com\/wp-content\/uploads\/brizy\/imgs\/FLIR-T360-575x575x0x82x575x411x1651700631.jpg 1x, https:\/\/www.gms-tunisia.com\/?brizy_media=wp-911eec1861d56dd9c5ec1149099c715b.jpg&#038;brizy_crop=iW%3D1150%26iH%3D1150%26oX%3D0%26oY%3D164%26cW%3D1150%26cH%3D822 2x\" media=\"(min-width: 992px)\" \/><source srcset=\"https:\/\/www.gms-tunisia.com\/?brizy_media=wp-911eec1861d56dd9c5ec1149099c715b.jpg&#038;brizy_crop=iW%3D354%26iH%3D354%26oX%3D0%26oY%3D51%26cW%3D354%26cH%3D253 1x, https:\/\/www.gms-tunisia.com\/?brizy_media=wp-911eec1861d56dd9c5ec1149099c715b.jpg&#038;brizy_crop=iW%3D708%26iH%3D708%26oX%3D0%26oY%3D102%26cW%3D708%26cH%3D506 2x\" media=\"(min-width: 768px)\" \/><img class=\"brz-img\" srcset=\"https:\/\/www.gms-tunisia.com\/?brizy_media=wp-911eec1861d56dd9c5ec1149099c715b.jpg&#038;brizy_crop=iW%3D430%26iH%3D430%26oX%3D0%26oY%3D61%26cW%3D430%26cH%3D307 1x, https:\/\/www.gms-tunisia.com\/?brizy_media=wp-911eec1861d56dd9c5ec1149099c715b.jpg&#038;brizy_crop=iW%3D860%26iH%3D860%26oX%3D0%26oY%3D122%26cW%3D860%26cH%3D614 2x\" src=\"https:\/\/www.gms-tunisia.com\/wp-content\/uploads\/brizy\/imgs\/FLIR-T360-575x575x0x82x575x411x1651700631.jpg\" alt=\"\" draggable=\"false\" loading=\"lazy\" \/><\/picture><\/div>\n<\/div>\n<\/div>\n<\/div>\n<div class=\"brz-columns brz-css-oaicu\" data-custom-id=\"mimtxpupgmrrcwfbrywodlpfldmuouiaigxw\">\n<div class=\"brz-column__items brz-css-rclxc brz-css-jmfct\">\n<div class=\"brz-css-wrplp brz-css-kcido brz-wrapper\">\n<div class=\"brz-spacer brz-css-xbuii brz-css-vllth\"><\/div>\n<\/div>\n<div class=\"brz-row__container brz-css-dtule\" data-custom-id=\"rbzzjlfffrsasxeygkspasptapvmyqkswvsr\">\n<div class=\"brz-row brz-row--inner brz-css-lgdur brz-css-plgdk\">\n<div class=\"brz-columns brz-css-oaicu brz-css-kfxrp\" data-custom-id=\"sbadrzokhykoefylnfjsmosjlcznurlfowut\">\n<div class=\"brz-bg\"><\/div>\n<div class=\"brz-column__items brz-css-rclxc brz-css-athoe\">\n<div class=\"brz-css-wrplp brz-css-wzxan brz-wrapper\">\n<div class=\"brz-rich-text brz-css-jwivx\" data-custom-id=\"nhtclxuqudisrenxoqcqedhkepdtpoxtshqo\">\n<div>\n<p class=\"brz-css-nrwhh\" data-uniq-id=\"owywi\" data-generated-css=\"brz-css-lenaz\"><strong class=\"brz-cp-color1\">Infrared thermography control<\/strong><\/p>\n<\/div>\n<\/div>\n<\/div>\n<div class=\"brz-css-wrplp brz-wrapper\">\n<div class=\"brz-rich-text brz-css-jwivx\" data-custom-id=\"kqmnkzxffudjsiudertjceqchmafysktvebi\">\n<div>\n<ul>\n<li data-uniq-id=\"jkmfc\" data-generated-css=\"brz-css-jfvug\" class=\"brz-css-gjifc\"><span class=\"brz-cp-color7\">Overall assessment of industrial site<\/span><\/li>\n<li data-uniq-id=\"bnrtk\" data-generated-css=\"brz-css-xkjnj\" class=\"brz-css-sgnxa\"><span class=\"brz-cp-color7\">Protection<\/span><\/li>\n<li data-uniq-id=\"flmlo\" data-generated-css=\"brz-css-afejk\" class=\"brz-css-pxahz\"><span class=\"brz-cp-color7\">Preventive maintenance <\/span><\/li>\n<li data-uniq-id=\"tztae\" data-generated-css=\"brz-css-wifoh\" class=\"brz-css-zccur\"><span class=\"brz-cp-color7\">Energy saving<\/span><\/li>\n<\/ul>\n<\/div>\n<\/div>\n<\/div>\n<\/div>\n<\/div>\n<\/div>\n<\/div>\n<\/div>\n<\/div>\n<\/div>\n<\/div>\n<div class=\"brz-css-wrplp brz-css-kcido brz-wrapper\">\n<div class=\"brz-spacer brz-css-xbuii brz-css-uckgo\"><\/div>\n<\/div>\n<div class=\"brz-row__container brz-css-dtule\" data-custom-id=\"wynuchovuesjizuzgjigeyiuqaggehmuiuxc\">\n<div class=\"brz-row brz-css-lgdur\">\n<div class=\"brz-columns brz-css-oaicu\" data-custom-id=\"vzwfkaxdgxcocxtrumxhmzlnueprchrmcesf\">\n<div class=\"brz-column__items brz-css-rclxc\">\n<div class=\"brz-css-wrplp brz-css-kcido brz-wrapper\">\n<div class=\"brz-spacer brz-css-xbuii brz-css-ghrxn\"><\/div>\n<\/div>\n<div class=\"brz-row__container brz-css-dtule\" data-custom-id=\"anlcvprbrcjidclvslztnztdsznlcfvrslet\">\n<div class=\"brz-row brz-row--inner brz-css-lgdur brz-css-plgdk\">\n<div class=\"brz-columns brz-css-oaicu brz-css-dfvaw\" data-custom-id=\"qdhzbwnstxsnqyqsflzgwbcefpcyvfmiikbs\">\n<div class=\"brz-bg\"><\/div>\n<div class=\"brz-column__items brz-css-rclxc brz-css-rrabq\">\n<div class=\"brz-css-wrplp brz-css-fadeu brz-wrapper\">\n<div class=\"brz-rich-text brz-css-jwivx\" data-custom-id=\"ufdocutxrdvsrmwnzsgjperqlvaqaxovybhh\">\n<div>\n<p class=\"brz-css-kvcmr\" data-generated-css=\"brz-css-lhhus\" data-uniq-id=\"nfgjo\"><strong class=\"brz-cp-color1\">Analysis of oils in service in industrial installations<\/strong><\/p>\n<\/div>\n<\/div>\n<\/div>\n<div class=\"brz-css-wrplp brz-wrapper\">\n<div class=\"brz-rich-text brz-css-jwivx\" data-custom-id=\"jnkkqvrqkgphwllmjdpdefboewdqbbleixnp\">\n<div>\n<ul>\n<li class=\"brz-css-libfp\" data-generated-css=\"brz-css-vlogo\" data-uniq-id=\"biawl\"><span class=\"brz-cp-color7\">Analysis of hydraulic oils<\/span><\/li>\n<li class=\"brz-css-jvevn\" data-generated-css=\"brz-css-feqdz\" data-uniq-id=\"zfizb\"><span class=\"brz-cp-color7\">Fat analysis<\/span><\/li>\n<li class=\"brz-css-fdojz\" data-generated-css=\"brz-css-toyuj\" data-uniq-id=\"coxcp\"><span class=\"brz-cp-color7\">Analysis of transformer oils<\/span><\/li>\n<\/ul>\n<p class=\"brz-css-vrsfh\" data-generated-css=\"brz-css-jvctg\" data-uniq-id=\"tquol\"><span class=\"brz-cp-color7\"> <\/span><\/p>\n<\/div>\n<\/div>\n<\/div>\n<\/div>\n<\/div>\n<\/div>\n<\/div>\n<\/div>\n<\/div>\n<div class=\"brz-columns brz-css-oaicu brz-css-pyapw\" data-custom-id=\"rgomingleipkutrgluyfvnrkrmznetcedmak\">\n<div class=\"brz-column__items brz-css-rclxc brz-css-osibz\">\n<div class=\"brz-css-wrplp brz-css-tlhhb brz-wrapper\">\n<div class=\"brz-image brz-css-lqooe\"><picture class=\"brz-picture brz-d-block brz-p-relative brz-css-sdqcu\" data-custom-id=\"efpfqqpvgocxznyzlemmklrkltkkfhzrjkvx\"><source srcset=\"https:\/\/www.gms-tunisia.com\/wp-content\/uploads\/brizy\/imgs\/industrial-oils-banner-768x409x96x0x575x409x1651700637.jpg 1x, https:\/\/www.gms-tunisia.com\/?brizy_media=wp-bc3d84c62ee26d8fa6d68980d1cce8ae.jpg&#038;brizy_crop=iW%3D1536%26iH%3D818%26oX%3D192%26oY%3D0%26cW%3D1150%26cH%3D818 2x\" media=\"(min-width: 992px)\" \/><source srcset=\"https:\/\/www.gms-tunisia.com\/?brizy_media=wp-bc3d84c62ee26d8fa6d68980d1cce8ae.jpg&#038;brizy_crop=iW%3D473%26iH%3D252%26oX%3D59%26oY%3D0%26cW%3D354%26cH%3D252 1x, https:\/\/www.gms-tunisia.com\/?brizy_media=wp-bc3d84c62ee26d8fa6d68980d1cce8ae.jpg&#038;brizy_crop=iW%3D946%26iH%3D504%26oX%3D118%26oY%3D0%26cW%3D708%26cH%3D504 2x\" media=\"(min-width: 768px)\" \/><img class=\"brz-img\" srcset=\"https:\/\/www.gms-tunisia.com\/?brizy_media=wp-bc3d84c62ee26d8fa6d68980d1cce8ae.jpg&#038;brizy_crop=iW%3D574%26iH%3D306%26oX%3D72%26oY%3D0%26cW%3D430%26cH%3D306 1x, https:\/\/www.gms-tunisia.com\/?brizy_media=wp-bc3d84c62ee26d8fa6d68980d1cce8ae.jpg&#038;brizy_crop=iW%3D1148%26iH%3D612%26oX%3D144%26oY%3D0%26cW%3D860%26cH%3D612 2x\" src=\"https:\/\/www.gms-tunisia.com\/wp-content\/uploads\/brizy\/imgs\/industrial-oils-banner-768x409x96x0x575x409x1651700637.jpg\" alt=\"\" draggable=\"false\" loading=\"lazy\" \/><\/picture><\/div>\n<\/div>\n<\/div>\n<\/div>\n<\/div>\n<\/div>\n<div class=\"brz-row__container brz-css-dtule\" data-custom-id=\"idjzdphkprerzcftjqrjagunzdckaavviirs\">\n<div class=\"brz-row brz-css-lgdur brz-css-plgdk\">\n<div class=\"brz-columns brz-css-oaicu brz-css-hyxwl\" data-custom-id=\"ilaudbmmvnxvnwbnnyqgljhmgtjblukanict\">\n<div class=\"brz-column__items brz-css-rclxc\">\n<div class=\"brz-css-wrplp brz-css-kcido brz-wrapper\">\n<div class=\"brz-spacer brz-css-xbuii brz-css-vfwbn\"><\/div>\n<\/div>\n<div class=\"brz-wrapper-clone brz-css-rbnkz\">\n<div class=\"brz-d-xs-flex brz-flex-xs-wrap brz-css-xixgg brz-css-uwkhs\">\n<div class=\"brz-wrapper-clone__item brz-css-ohraj\" id=\"fpysebgpyppmwsvxveupjxsbxlbmvjppadwq\"><a class=\"brz-a brz-btn brz-css-fxqkd brz-css-jpyvm\" href=\"https:\/\/www.gms-tunisia.com\/services\/\" data-brz-link-type=\"external\" id data-custom-id=\"fpysebgpyppmwsvxveupjxsbxlbmvjppadwq\"><span class=\"brz-span brz-text__editor\">ALL SERVICES<\/span><\/a><\/div>\n<\/div>\n<\/div>\n<\/div>\n<\/div>\n<\/div>\n<\/div>\n<\/div>\n<\/div>\n<\/section>\n<\/div>\n<p><!-- version:1651786580 --><\/p>","protected":false},"excerpt":{"rendered":"<p>Analyse Vibratoire Contr\u00f4le par thermographie Infra rouge L\u2019analyse des huiles en service des installations Industrielles thin Qui Sommes-Nous ? GMS est une soci\u00e9t\u00e9 tunisienne de service sp\u00e9cialis\u00e9e dans le domaine de maintenance conditionnelle pr\u00e9ventive des installations industrielles. Notre soci\u00e9t\u00e9 offre ses services \u00e0 des soci\u00e9t\u00e9s dans plusieurs pays du continent africain tels que l\u2019Alg\u00e9rie, le [&hellip;]<\/p>","protected":false},"author":1,"featured_media":0,"parent":0,"menu_order":0,"comment_status":"closed","ping_status":"closed","template":"visual-builder-template.php","meta":[],"_links":{"self":[{"href":"https:\/\/www.gms-tunisia.com\/en\/wp-json\/wp\/v2\/pages\/458"}],"collection":[{"href":"https:\/\/www.gms-tunisia.com\/en\/wp-json\/wp\/v2\/pages"}],"about":[{"href":"https:\/\/www.gms-tunisia.com\/en\/wp-json\/wp\/v2\/types\/page"}],"author":[{"embeddable":true,"href":"https:\/\/www.gms-tunisia.com\/en\/wp-json\/wp\/v2\/users\/1"}],"replies":[{"embeddable":true,"href":"https:\/\/www.gms-tunisia.com\/en\/wp-json\/wp\/v2\/comments?post=458"}],"version-history":[{"count":27,"href":"https:\/\/www.gms-tunisia.com\/en\/wp-json\/wp\/v2\/pages\/458\/revisions"}],"predecessor-version":[{"id":830,"href":"https:\/\/www.gms-tunisia.com\/en\/wp-json\/wp\/v2\/pages\/458\/revisions\/830"}],"wp:attachment":[{"href":"https:\/\/www.gms-tunisia.com\/en\/wp-json\/wp\/v2\/media?parent=458"}],"curies":[{"name":"wp","href":"https:\/\/api.w.org\/{rel}","templated":true}]}}