{"id":470,"date":"2018-05-09T14:01:31","date_gmt":"2018-05-09T14:01:31","guid":{"rendered":"https:\/\/www.gms-tunisia.com\/?page_id=470"},"modified":"2022-05-05T23:33:27","modified_gmt":"2022-05-05T21:33:27","slug":"services","status":"publish","type":"page","link":"https:\/\/www.gms-tunisia.com\/en\/services\/","title":{"rendered":"Services"},"content":{"rendered":"<div class=\"brz-root__container brz-reset-all\">\n<section data-uid=\"MeFK2eOebR\" id=\"MeFK2eOebR\" class=\"brz-section brz-css-sxzxd brz-css-yhxsm\">\n<div class=\"brz-section__content brz-section--boxed brz-css-hpprz brz-css-fdeuw\" data-custom-id=\"OBOb5kpo9E\">\n<div class=\"brz-bg\">\n<div class=\"brz-bg-image\"><\/div>\n<\/div>\n<div class=\"brz-container brz-css-ixmun\">\n<div class=\"brz-row__container brz-css-jipyc\" data-custom-id=\"_lJeitP0hd\">\n<div class=\"brz-row brz-css-qvjhk brz-css-kzxsv\">\n<div class=\"brz-columns brz-css-bshuq brz-css-zrdxt\" data-custom-id=\"YdNdsgS7N0\">\n<div class=\"brz-column__items brz-css-vanxe\">\n<div data-iteration-count=\"1\" class=\"brz-css-mdcky brz-wrapper brz-animated brz-css-ciyun brz-css-mehxd\">\n<div class=\"brz-rich-text brz-css-ocbds\" data-custom-id=\"Hi2a9~fWGD\">\n<div>\n<h5 class=\"brz-css-untla\" data-uniq-id=\"iwgmg\" data-generated-css=\"brz-css-eroep\"><\/h5>\n<\/div>\n<\/div>\n<\/div>\n<div data-iteration-count=\"1\" class=\"brz-css-mdcky brz-css-gxqav brz-wrapper brz-animated brz-css-ciyun brz-css-rwiis\">\n<div class=\"brz-rich-text brz-css-ocbds\" data-custom-id=\"u5yYpE90xo\">\n<div>\n<h1 class=\"brz-css-rzers\" data-uniq-id=\"mymyr\" data-generated-css=\"brz-css-jdnbg\"><span class=\"brz-cp-color3\">Services<\/span><\/h1>\n<\/div>\n<\/div>\n<\/div>\n<\/div>\n<\/div>\n<\/div>\n<\/div>\n<\/div>\n<\/div>\n<\/section>\n<section data-uid=\"pxWWwP74ss\" id=\"pxWWwP74ss\" class=\"brz-section brz-css-sxzxd\">\n<div class=\"brz-section__content brz-section--boxed brz-css-hpprz brz-css-kjvxt\" data-custom-id=\"YFAtw9k4UH\">\n<div class=\"brz-container brz-css-ixmun\">\n<div class=\"brz-row__container brz-css-jipyc\" data-custom-id=\"EFtZchxlFl\">\n<div class=\"brz-row brz-css-qvjhk\">\n<div class=\"brz-columns brz-css-bshuq brz-css-nxbqn\" data-custom-id=\"QXMV0RGNSG\">\n<div class=\"brz-column__items brz-css-vanxe brz-css-bnczm\">\n<div class=\"brz-css-mdcky brz-css-dmjmr brz-wrapper\">\n<div class=\"brz-image brz-css-mynzd\"><picture class=\"brz-picture brz-d-block brz-p-relative brz-css-uezqj\" data-custom-id=\"h7ww3DtOzA\"><source srcset=\"https:\/\/www.gms-tunisia.com\/wp-content\/uploads\/brizy\/imgs\/IMG_20220404_142934-777x411x171x0x575x411x1651700625.jpg 1x, https:\/\/www.gms-tunisia.com\/?brizy_media=wp-9cb5205243255f53fb34a5d9b5f09308.jpg&#038;brizy_crop=iW%3D1554%26iH%3D822%26oX%3D342%26oY%3D0%26cW%3D1150%26cH%3D822 2x\" media=\"(min-width: 992px)\" \/><source srcset=\"https:\/\/www.gms-tunisia.com\/?brizy_media=wp-9cb5205243255f53fb34a5d9b5f09308.jpg&#038;brizy_crop=iW%3D479%26iH%3D253%26oX%3D105%26oY%3D0%26cW%3D354%26cH%3D253 1x, https:\/\/www.gms-tunisia.com\/?brizy_media=wp-9cb5205243255f53fb34a5d9b5f09308.jpg&#038;brizy_crop=iW%3D958%26iH%3D506%26oX%3D210%26oY%3D0%26cW%3D708%26cH%3D506 2x\" media=\"(min-width: 768px)\" \/><img class=\"brz-img\" srcset=\"https:\/\/www.gms-tunisia.com\/?brizy_media=wp-9cb5205243255f53fb34a5d9b5f09308.jpg&#038;brizy_crop=iW%3D581%26iH%3D307%26oX%3D128%26oY%3D0%26cW%3D430%26cH%3D307 1x, https:\/\/www.gms-tunisia.com\/wp-content\/uploads\/brizy\/imgs\/IMG_20220404_142934-1162x614x256x0x860x614x1651700625.jpg 2x\" src=\"https:\/\/www.gms-tunisia.com\/wp-content\/uploads\/brizy\/imgs\/IMG_20220404_142934-777x411x171x0x575x411x1651700625.jpg\" alt=\"\" draggable=\"false\" loading=\"lazy\" \/><\/picture><\/div>\n<\/div>\n<\/div>\n<\/div>\n<div class=\"brz-columns brz-css-bshuq brz-css-tlbqw\" data-custom-id=\"2QRdWpcwG3\">\n<div class=\"brz-column__items brz-css-vanxe brz-css-ydtmh\">\n<div class=\"brz-row__container brz-css-jipyc\" data-custom-id=\"Sakm7Uyqr4\">\n<div class=\"brz-row brz-row--inner brz-css-qvjhk brz-css-kzxsv\">\n<div class=\"brz-columns brz-css-bshuq brz-css-vosss\" data-custom-id=\"k8MUND3JwT\">\n<div class=\"brz-bg\"><\/div>\n<div class=\"brz-column__items brz-css-vanxe brz-css-jnwkv\">\n<div class=\"brz-css-mdcky brz-css-mjuth brz-wrapper\">\n<div class=\"brz-rich-text brz-css-ocbds\" data-custom-id=\"tjHSrK3hHD\">\n<div>\n<h6 class=\"brz-css-ayfme\" data-uniq-id=\"scamq\" data-generated-css=\"brz-css-lkwsj\"><span class=\"brz-cp-color1\">Vibration analysis<\/span><\/h6>\n<\/div>\n<\/div>\n<\/div>\n<div class=\"brz-css-mdcky brz-wrapper\">\n<div class=\"brz-rich-text brz-css-ocbds\" data-custom-id=\"EU2EEAvtvi\">\n<div>\n<ul>\n<li class=\"brz-css-loaey\" data-uniq-id=\"xpvkn\" data-generated-css=\"brz-css-nejlk\"><span class=\"brz-cp-color7\">Preventive maintenance by periodic \u201cOff-line\u201d measurement and monitoring<\/span><\/li>\n<li class=\"brz-css-jrigd\" data-uniq-id=\"deauc\" data-generated-css=\"brz-css-kdeea\"><span class=\"brz-cp-color7\">Vibration expertise in rotating machines, structures, and pipes<\/span><\/li>\n<li data-uniq-id=\"owybi\" data-generated-css=\"brz-css-cjlvw\" class=\"brz-css-mwkwn\"><span class=\"brz-cp-color7\">Alignment and balancing <\/span><\/li>\n<\/ul>\n<\/div>\n<\/div>\n<\/div>\n<div class=\"brz-wrapper-clone brz-css-whhgl\">\n<div class=\"brz-d-xs-flex brz-flex-xs-wrap brz-css-myslv brz-css-hhgow\">\n<div class=\"brz-wrapper-clone__item brz-css-osxwt\" id=\"lzzjszezkbeqnyqjdfxamaeearzprsjxhxrf\"><a class=\"brz-a brz-btn brz-css-eumkh\" href=\"https:\/\/www.gms-tunisia.com\/analyse-vibratoire\/\" data-brz-link-type=\"external\" id data-custom-id=\"lzzjszezkbeqnyqjdfxamaeearzprsjxhxrf\"><svg version=\"1.1\" xmlns=\"http:\/\/www.w3.org\/2000\/svg\" xmlns:xlink=\"http:\/\/www.w3.org\/1999\/xlink\" x=\"0px\" y=\"0px\" viewbox=\"0 0 24 24\" xml:space=\"preserve\" class=\"brz-icon-svg brz-css-itqqq\" data-type=\"glyph\" data-name=\"tail-right\"><g class=\"nc-icon-wrapper\" fill=\"currentColor\"><path fill=\"currentColor\" d=\"M22.707,11.293L15,3.586L13.586,5l6,6H2c-0.553,0-1,0.448-1,1s0.447,1,1,1h17.586l-6,6L15,20.414 l7.707-7.707C23.098,12.316,23.098,11.684,22.707,11.293z\" \/><\/g><\/svg><span class=\"brz-span brz-text__editor\">MORE<\/span><\/a><\/div>\n<\/div>\n<\/div>\n<\/div>\n<\/div>\n<\/div>\n<\/div>\n<\/div>\n<\/div>\n<\/div>\n<\/div>\n<div class=\"brz-row__container brz-css-jipyc\" data-custom-id=\"adxqvvoxirormctluybpxrdrfnvmmtcoykcu\">\n<div class=\"brz-row brz-css-qvjhk\">\n<div class=\"brz-columns brz-css-bshuq brz-css-sjzoj\" data-custom-id=\"ssvpvtfwikjpnyjfatsjcazwqobemxoyjgpy\">\n<div class=\"brz-column__items brz-css-vanxe brz-css-utpwb\">\n<div class=\"brz-css-mdcky brz-css-tyece brz-wrapper\">\n<div class=\"brz-image brz-css-ojpue\"><picture class=\"brz-picture brz-d-block brz-p-relative brz-css-ainsf\" data-custom-id=\"xfbdxhgzarjepzatupdwqpcrupfrutyogrgh\"><source srcset=\"https:\/\/www.gms-tunisia.com\/wp-content\/uploads\/brizy\/imgs\/FLIR-T360-575x575x0x0x575x411x1651700631.jpg 1x, https:\/\/www.gms-tunisia.com\/?brizy_media=wp-911eec1861d56dd9c5ec1149099c715b.jpg&#038;brizy_crop=iW%3D1150%26iH%3D1150%26oX%3D0%26oY%3D0%26cW%3D1150%26cH%3D822 2x\" media=\"(min-width: 992px)\" \/><source srcset=\"https:\/\/www.gms-tunisia.com\/?brizy_media=wp-911eec1861d56dd9c5ec1149099c715b.jpg&#038;brizy_crop=iW%3D354%26iH%3D354%26oX%3D0%26oY%3D0%26cW%3D354%26cH%3D253 1x, https:\/\/www.gms-tunisia.com\/?brizy_media=wp-911eec1861d56dd9c5ec1149099c715b.jpg&#038;brizy_crop=iW%3D708%26iH%3D708%26oX%3D0%26oY%3D0%26cW%3D708%26cH%3D506 2x\" media=\"(min-width: 768px)\" \/><img class=\"brz-img\" srcset=\"https:\/\/www.gms-tunisia.com\/?brizy_media=wp-911eec1861d56dd9c5ec1149099c715b.jpg&#038;brizy_crop=iW%3D430%26iH%3D430%26oX%3D0%26oY%3D0%26cW%3D430%26cH%3D307 1x, https:\/\/www.gms-tunisia.com\/wp-content\/uploads\/brizy\/imgs\/FLIR-T360-860x860x0x0x860x614x1651700631.jpg 2x\" src=\"https:\/\/www.gms-tunisia.com\/wp-content\/uploads\/brizy\/imgs\/FLIR-T360-575x575x0x0x575x411x1651700631.jpg\" alt=\"\" draggable=\"false\" loading=\"lazy\" \/><\/picture><\/div>\n<\/div>\n<\/div>\n<\/div>\n<div class=\"brz-columns brz-css-bshuq brz-css-jazjf\" data-custom-id=\"motnwmjiovgneyvuzhlajwqigwjnzrboazdd\">\n<div class=\"brz-column__items brz-css-vanxe brz-css-klmpr\">\n<div class=\"brz-row__container brz-css-jipyc\" data-custom-id=\"eodbnraqztsyzzwfvqhdzfyoxkmxpvhrpjql\">\n<div class=\"brz-row brz-row--inner brz-css-qvjhk brz-css-kzxsv\">\n<div class=\"brz-columns brz-css-bshuq brz-css-pwmou\" data-custom-id=\"awzacgmavndwkxsbpzpkkwfmkxwfcqftincp\">\n<div class=\"brz-bg\"><\/div>\n<div class=\"brz-column__items brz-css-vanxe brz-css-fooig\">\n<div class=\"brz-css-mdcky brz-css-zofyq brz-wrapper\">\n<div class=\"brz-rich-text brz-css-ocbds\" data-custom-id=\"ezyfqrlcysvukjejnbxmmjkhpmqjfxearrgr\">\n<div>\n<h6 class=\"brz-css-dqsah\" data-generated-css=\"brz-css-kbtsc\" data-uniq-id=\"xssel\"><span class=\"brz-cp-color1\">Infrared thermography control<\/span><\/h6>\n<\/div>\n<\/div>\n<\/div>\n<div class=\"brz-css-mdcky brz-wrapper\">\n<div class=\"brz-rich-text brz-css-ocbds\" data-custom-id=\"cgzboqrramowkmgdyvwkhwfdxxinwxnsthjc\">\n<div>\n<ul>\n<li class=\"brz-css-gvsvt\" data-uniq-id=\"lsngb\" data-generated-css=\"brz-css-hdhsw\"><span class=\"brz-cp-color7\">Overall assessment of industrial site<\/span><\/li>\n<li class=\"brz-css-rqzky\" data-uniq-id=\"cfmrj\" data-generated-css=\"brz-css-tijij\"><span class=\"brz-cp-color7\">Protection<\/span><\/li>\n<li class=\"brz-css-xvlup\" data-uniq-id=\"okwgd\" data-generated-css=\"brz-css-bftjg\"><span class=\"brz-cp-color7\">Preventive maintenance <\/span><\/li>\n<li class=\"brz-css-zhlmz\" data-uniq-id=\"zxztu\" data-generated-css=\"brz-css-kcplz\"><span class=\"brz-cp-color7\">Energy saving<\/span><\/li>\n<\/ul>\n<\/div>\n<\/div>\n<\/div>\n<div class=\"brz-wrapper-clone brz-css-whhgl\">\n<div class=\"brz-d-xs-flex brz-flex-xs-wrap brz-css-myslv brz-css-ucgsb\">\n<div class=\"brz-wrapper-clone__item brz-css-osxwt\" id=\"thjhbbigeswclmjalfyakrvotrngpcmwuvxz\"><a class=\"brz-a brz-btn brz-css-eumkh\" href=\"https:\/\/www.gms-tunisia.com\/thermographie-infrarouge\/\" data-brz-link-type=\"external\" id data-custom-id=\"thjhbbigeswclmjalfyakrvotrngpcmwuvxz\"><svg version=\"1.1\" xmlns=\"http:\/\/www.w3.org\/2000\/svg\" xmlns:xlink=\"http:\/\/www.w3.org\/1999\/xlink\" x=\"0px\" y=\"0px\" viewbox=\"0 0 24 24\" xml:space=\"preserve\" class=\"brz-icon-svg brz-css-itqqq\" data-type=\"glyph\" data-name=\"tail-right\"><g class=\"nc-icon-wrapper\" fill=\"currentColor\"><path fill=\"currentColor\" d=\"M22.707,11.293L15,3.586L13.586,5l6,6H2c-0.553,0-1,0.448-1,1s0.447,1,1,1h17.586l-6,6L15,20.414 l7.707-7.707C23.098,12.316,23.098,11.684,22.707,11.293z\" \/><\/g><\/svg><span class=\"brz-span brz-text__editor\">MORE<\/span><\/a><\/div>\n<\/div>\n<\/div>\n<\/div>\n<\/div>\n<\/div>\n<\/div>\n<\/div>\n<\/div>\n<\/div>\n<\/div>\n<div class=\"brz-row__container brz-css-jipyc\" data-custom-id=\"mieyfjrpflmkalfgtlhdlrklrnozqgutslcu\">\n<div class=\"brz-row brz-css-qvjhk\">\n<div class=\"brz-columns brz-css-bshuq brz-css-bozka\" data-custom-id=\"lnmxyrmllwdqfxbkatphpsehuydquycptemp\">\n<div class=\"brz-column__items brz-css-vanxe brz-css-gaiaw\">\n<div class=\"brz-css-mdcky brz-css-afsuz brz-wrapper\">\n<div class=\"brz-image brz-css-tuyjw\"><picture class=\"brz-picture brz-d-block brz-p-relative brz-css-qmmvs\" data-custom-id=\"preibaenkwphzmoxtpepleiaovcovrtntlei\"><source srcset=\"https:\/\/www.gms-tunisia.com\/wp-content\/uploads\/brizy\/imgs\/Le-controle-non-destructif-CND-des-installations-industrielles.-616x411x21x0x575x411x1651700592.jpg 1x, https:\/\/www.gms-tunisia.com\/?brizy_media=wp-528555c3c4c5b41bb2ec79ca3188e158.jpg&#038;brizy_crop=iW%3D1232%26iH%3D822%26oX%3D42%26oY%3D0%26cW%3D1150%26cH%3D822 2x\" media=\"(min-width: 992px)\" \/><source srcset=\"https:\/\/www.gms-tunisia.com\/?brizy_media=wp-528555c3c4c5b41bb2ec79ca3188e158.jpg&#038;brizy_crop=iW%3D379%26iH%3D253%26oX%3D13%26oY%3D0%26cW%3D354%26cH%3D253 1x, https:\/\/www.gms-tunisia.com\/?brizy_media=wp-528555c3c4c5b41bb2ec79ca3188e158.jpg&#038;brizy_crop=iW%3D758%26iH%3D506%26oX%3D26%26oY%3D0%26cW%3D708%26cH%3D506 2x\" media=\"(min-width: 768px)\" \/><img class=\"brz-img\" srcset=\"https:\/\/www.gms-tunisia.com\/?brizy_media=wp-528555c3c4c5b41bb2ec79ca3188e158.jpg&#038;brizy_crop=iW%3D461%26iH%3D307%26oX%3D15%26oY%3D0%26cW%3D430%26cH%3D307 1x, https:\/\/www.gms-tunisia.com\/wp-content\/uploads\/brizy\/imgs\/Le-controle-non-destructif-CND-des-installations-industrielles.-922x614x30x0x860x614x1651700592.jpg 2x\" src=\"https:\/\/www.gms-tunisia.com\/wp-content\/uploads\/brizy\/imgs\/Le-controle-non-destructif-CND-des-installations-industrielles.-616x411x21x0x575x411x1651700592.jpg\" alt=\"\" draggable=\"false\" loading=\"lazy\" \/><\/picture><\/div>\n<\/div>\n<\/div>\n<\/div>\n<div class=\"brz-columns brz-css-bshuq brz-css-hybmk\" data-custom-id=\"zkswhamxyranplbsmmcbhnhpnoednhnpyvxi\">\n<div class=\"brz-column__items brz-css-vanxe brz-css-vvwzt\">\n<div class=\"brz-row__container brz-css-jipyc\" data-custom-id=\"yjdvfgszapcwkjlkzntswzmyxtmrxxirgqnm\">\n<div class=\"brz-row brz-row--inner brz-css-qvjhk brz-css-kzxsv\">\n<div class=\"brz-columns brz-css-bshuq brz-css-zyloy\" data-custom-id=\"ynwijjvamnvotsxcmegzxdqmjocqjjuucczm\">\n<div class=\"brz-bg\"><\/div>\n<div class=\"brz-column__items brz-css-vanxe brz-css-cblvq\">\n<div class=\"brz-css-mdcky brz-css-ofywy brz-wrapper\">\n<div class=\"brz-rich-text brz-css-ocbds\" data-custom-id=\"zstwqykjkhypgcfuakxetwcfxrlprnckrgck\">\n<div>\n<h6 class=\"brz-css-rdlgu\" data-generated-css=\"brz-css-maksb\" data-uniq-id=\"smwms\"><span class=\"brz-cp-color1\">Non-destructive testing<\/span><\/h6>\n<\/div>\n<\/div>\n<\/div>\n<div class=\"brz-css-mdcky brz-wrapper\">\n<div class=\"brz-rich-text brz-css-ocbds\" data-custom-id=\"imtbeyvortystlztwuucobobmkmajyhmixfg\">\n<div>\n<ul>\n<li class=\"brz-css-aoznq\" data-uniq-id=\"iwflg\" data-generated-css=\"brz-css-jneqi\"><span class=\"brz-cp-color7\">Control and Inspection of tubes<\/span><\/li>\n<li class=\"brz-css-kfucs\" data-uniq-id=\"lsdwi\" data-generated-css=\"brz-css-lncto\"><span class=\"brz-cp-color7\">Boilers, Reactors, Exchangers<\/span><\/li>\n<li class=\"brz-css-fpkwd\" data-uniq-id=\"viqtz\" data-generated-css=\"brz-css-dpuxm\"><span class=\"brz-cp-color7\">Dry Coolers, Condensers, Pipes<\/span><\/li>\n<\/ul>\n<\/div>\n<\/div>\n<\/div>\n<div class=\"brz-wrapper-clone brz-css-whhgl\">\n<div class=\"brz-d-xs-flex brz-flex-xs-wrap brz-css-myslv brz-css-kiuwn\">\n<div class=\"brz-wrapper-clone__item brz-css-osxwt\" id=\"hdvcypxdupsrlpizwtsnclzaiuuaywzrupxz\"><a class=\"brz-a brz-btn brz-css-eumkh\" href=\"https:\/\/www.gms-tunisia.com\/controle-non-destructif\/\" data-brz-link-type=\"external\" id data-custom-id=\"hdvcypxdupsrlpizwtsnclzaiuuaywzrupxz\"><svg version=\"1.1\" xmlns=\"http:\/\/www.w3.org\/2000\/svg\" xmlns:xlink=\"http:\/\/www.w3.org\/1999\/xlink\" x=\"0px\" y=\"0px\" viewbox=\"0 0 24 24\" xml:space=\"preserve\" class=\"brz-icon-svg brz-css-itqqq\" data-type=\"glyph\" data-name=\"tail-right\"><g class=\"nc-icon-wrapper\" fill=\"currentColor\"><path fill=\"currentColor\" d=\"M22.707,11.293L15,3.586L13.586,5l6,6H2c-0.553,0-1,0.448-1,1s0.447,1,1,1h17.586l-6,6L15,20.414 l7.707-7.707C23.098,12.316,23.098,11.684,22.707,11.293z\" \/><\/g><\/svg><span class=\"brz-span brz-text__editor\">MORE<\/span><\/a><\/div>\n<\/div>\n<\/div>\n<\/div>\n<\/div>\n<\/div>\n<\/div>\n<\/div>\n<\/div>\n<\/div>\n<\/div>\n<div class=\"brz-row__container brz-css-jipyc\" data-custom-id=\"wsdtmyqngojflbynwtdkvwkhjctadfpqslra\">\n<div class=\"brz-row brz-css-qvjhk\">\n<div class=\"brz-columns brz-css-bshuq brz-css-rmvvw\" data-custom-id=\"uxnnfszldaoebyrxpwuypnnhyflixroetmrx\">\n<div class=\"brz-column__items brz-css-vanxe brz-css-cbefm\">\n<div class=\"brz-css-mdcky brz-css-nrlqx brz-wrapper\">\n<div class=\"brz-image brz-css-iyamr\"><picture class=\"brz-picture brz-d-block brz-p-relative brz-css-ejpkp\" data-custom-id=\"tvlhiumrtpbymhcjmwpzxotzvkxuaxwryczi\"><source srcset=\"https:\/\/www.gms-tunisia.com\/wp-content\/uploads\/brizy\/imgs\/industrial-oils-banner-772x411x98x0x575x411x1651700637.jpg 1x, https:\/\/www.gms-tunisia.com\/?brizy_media=wp-bc3d84c62ee26d8fa6d68980d1cce8ae.jpg&#038;brizy_crop=iW%3D1544%26iH%3D822%26oX%3D196%26oY%3D0%26cW%3D1150%26cH%3D822 2x\" media=\"(min-width: 992px)\" \/><source srcset=\"https:\/\/www.gms-tunisia.com\/?brizy_media=wp-bc3d84c62ee26d8fa6d68980d1cce8ae.jpg&#038;brizy_crop=iW%3D475%26iH%3D253%26oX%3D61%26oY%3D0%26cW%3D354%26cH%3D253 1x, https:\/\/www.gms-tunisia.com\/?brizy_media=wp-bc3d84c62ee26d8fa6d68980d1cce8ae.jpg&#038;brizy_crop=iW%3D950%26iH%3D506%26oX%3D122%26oY%3D0%26cW%3D708%26cH%3D506 2x\" media=\"(min-width: 768px)\" \/><img class=\"brz-img\" srcset=\"https:\/\/www.gms-tunisia.com\/?brizy_media=wp-bc3d84c62ee26d8fa6d68980d1cce8ae.jpg&#038;brizy_crop=iW%3D577%26iH%3D307%26oX%3D74%26oY%3D0%26cW%3D430%26cH%3D307 1x, https:\/\/www.gms-tunisia.com\/wp-content\/uploads\/brizy\/imgs\/industrial-oils-banner-1154x614x148x0x860x614x1651700637.jpg 2x\" src=\"https:\/\/www.gms-tunisia.com\/wp-content\/uploads\/brizy\/imgs\/industrial-oils-banner-772x411x98x0x575x411x1651700637.jpg\" alt=\"\" draggable=\"false\" loading=\"lazy\" \/><\/picture><\/div>\n<\/div>\n<\/div>\n<\/div>\n<div class=\"brz-columns brz-css-bshuq brz-css-ihhob\" data-custom-id=\"lkkfeqtmduxyvshzqmymxtgxpfinqmwqvecu\">\n<div class=\"brz-column__items brz-css-vanxe brz-css-ejwzn\">\n<div class=\"brz-row__container brz-css-jipyc\" data-custom-id=\"rceefveshregcrmslaerbwyqteauhprzmyir\">\n<div class=\"brz-row brz-row--inner brz-css-qvjhk brz-css-kzxsv\">\n<div class=\"brz-columns brz-css-bshuq brz-css-cwwkw\" data-custom-id=\"yexoixpgokmfjgfcbdfscnzmblvqxtknliwx\">\n<div class=\"brz-bg\"><\/div>\n<div class=\"brz-column__items brz-css-vanxe brz-css-sonts\">\n<div class=\"brz-css-mdcky brz-css-mjcpu brz-wrapper\">\n<div class=\"brz-rich-text brz-css-ocbds\" data-custom-id=\"sdrxxuluflwfujthsfmamwkjbismpazqvvxe\">\n<div>\n<h6 class=\"brz-css-otsnj\" data-uniq-id=\"zevna\" data-generated-css=\"brz-css-efzmm\"><strong class=\"brz-cp-color1\">Analysis of oils in service in industrial installations<\/strong><\/h6>\n<\/div>\n<\/div>\n<\/div>\n<div class=\"brz-css-mdcky brz-wrapper\">\n<div class=\"brz-rich-text brz-css-ocbds\" data-custom-id=\"uekuculfrozucgjhydcvfswfotbsfznuxwek\">\n<div>\n<ul>\n<li class=\"brz-css-pmkjp\" data-uniq-id=\"ltxrx\" data-generated-css=\"brz-css-emuqp\"><span class=\"brz-cp-color7\">Analysis of hydraulic oils<\/span><\/li>\n<li class=\"brz-css-bfvlx\" data-uniq-id=\"cmsxy\" data-generated-css=\"brz-css-glthz\"><span class=\"brz-cp-color7\">Fat analysis<\/span><\/li>\n<li class=\"brz-css-hnpyu\" data-uniq-id=\"divhk\" data-generated-css=\"brz-css-lyjve\"><span class=\"brz-cp-color7\">Analysis of transformer oils<\/span><\/li>\n<\/ul>\n<\/div>\n<\/div>\n<\/div>\n<div class=\"brz-wrapper-clone brz-css-whhgl\">\n<div class=\"brz-d-xs-flex brz-flex-xs-wrap brz-css-myslv brz-css-oxocv\">\n<div class=\"brz-wrapper-clone__item brz-css-osxwt\" id=\"klyxzouqfjulbcpjakwmitvhlzhzmhnntbpi\"><a class=\"brz-a brz-btn brz-css-eumkh\" href=\"https:\/\/www.gms-tunisia.com\/analyse-des-huiles-en-service\/\" data-brz-link-type=\"external\" id data-custom-id=\"klyxzouqfjulbcpjakwmitvhlzhzmhnntbpi\"><svg version=\"1.1\" xmlns=\"http:\/\/www.w3.org\/2000\/svg\" xmlns:xlink=\"http:\/\/www.w3.org\/1999\/xlink\" x=\"0px\" y=\"0px\" viewbox=\"0 0 24 24\" xml:space=\"preserve\" class=\"brz-icon-svg brz-css-itqqq\" data-type=\"glyph\" data-name=\"tail-right\"><g class=\"nc-icon-wrapper\" fill=\"currentColor\"><path fill=\"currentColor\" d=\"M22.707,11.293L15,3.586L13.586,5l6,6H2c-0.553,0-1,0.448-1,1s0.447,1,1,1h17.586l-6,6L15,20.414 l7.707-7.707C23.098,12.316,23.098,11.684,22.707,11.293z\" \/><\/g><\/svg><span class=\"brz-span brz-text__editor\">MORE<\/span><\/a><\/div>\n<\/div>\n<\/div>\n<\/div>\n<\/div>\n<\/div>\n<\/div>\n<\/div>\n<\/div>\n<\/div>\n<\/div>\n<div class=\"brz-css-mdcky brz-css-fwtpg brz-wrapper\">\n<div class=\"brz-spacer brz-css-jeijg brz-css-xgvkg\"><\/div>\n<\/div>\n<\/div>\n<\/div>\n<\/section>\n<\/div>\n<p><!-- version:1651786407 --><\/p>","protected":false},"excerpt":{"rendered":"<p>Services Analyse vibratoire Maintenance pr\u00e9ventive par mesure et suivi p\u00e9riodiques \u00ab Off-line \u00bb Expertise vibratoire des machines tournantes, structures et conduites Alignement et \u00e9quilibrage PLUS Contr\u00f4le par thermographie infra rouge Bilan global de site industrie Protection Maintenance pr\u00e9ventive \u00c9conomie d\u2019\u00e9nergie PLUS Contr\u00f4le non destructif Contr\u00f4le et Inspection de tubes Chaudi\u00e8res, R\u00e9acteurs, \u00c9changeurs A\u00e9ror\u00e9frig\u00e9rants, Condenseurs, Canalisations [&hellip;]<\/p>","protected":false},"author":1,"featured_media":0,"parent":0,"menu_order":0,"comment_status":"closed","ping_status":"closed","template":"visual-builder-template.php","meta":[],"_links":{"self":[{"href":"https:\/\/www.gms-tunisia.com\/en\/wp-json\/wp\/v2\/pages\/470"}],"collection":[{"href":"https:\/\/www.gms-tunisia.com\/en\/wp-json\/wp\/v2\/pages"}],"about":[{"href":"https:\/\/www.gms-tunisia.com\/en\/wp-json\/wp\/v2\/types\/page"}],"author":[{"embeddable":true,"href":"https:\/\/www.gms-tunisia.com\/en\/wp-json\/wp\/v2\/users\/1"}],"replies":[{"embeddable":true,"href":"https:\/\/www.gms-tunisia.com\/en\/wp-json\/wp\/v2\/comments?post=470"}],"version-history":[{"count":20,"href":"https:\/\/www.gms-tunisia.com\/en\/wp-json\/wp\/v2\/pages\/470\/revisions"}],"predecessor-version":[{"id":833,"href":"https:\/\/www.gms-tunisia.com\/en\/wp-json\/wp\/v2\/pages\/470\/revisions\/833"}],"wp:attachment":[{"href":"https:\/\/www.gms-tunisia.com\/en\/wp-json\/wp\/v2\/media?parent=470"}],"curies":[{"name":"wp","href":"https:\/\/api.w.org\/{rel}","templated":true}]}}