{"id":477,"date":"2018-05-09T14:12:32","date_gmt":"2018-05-09T14:12:32","guid":{"rendered":"https:\/\/www.gms-tunisia.com\/?page_id=477"},"modified":"2022-05-05T00:48:03","modified_gmt":"2022-05-04T22:48:03","slug":"about","status":"publish","type":"page","link":"https:\/\/www.gms-tunisia.com\/en\/about\/","title":{"rendered":"About"},"content":{"rendered":"<div class=\"brz-root__container brz-reset-all\">\n<section data-uid=\"aqjprtohfq\" id=\"aqjprtohfq\" class=\"brz-section brz-css-pdgiq brz-css-rrmni\">\n<div class=\"brz-section__content brz-section--boxed brz-css-yiaij brz-css-wixky\" data-custom-id=\"loiurodxot\">\n<div class=\"brz-bg\">\n<div class=\"brz-bg-image\"><\/div>\n<\/div>\n<div class=\"brz-container brz-css-axevi\">\n<div class=\"brz-row__container brz-css-sibet\" data-custom-id=\"svfdliyqdk\">\n<div class=\"brz-row brz-css-mdvqz brz-css-jrcgk\">\n<div class=\"brz-columns brz-css-yfzyz brz-css-jvmaf\" data-custom-id=\"wnkdwrbubn\">\n<div class=\"brz-column__items brz-css-mrlkb\">\n<div data-iteration-count=\"1\" class=\"brz-css-gynxl brz-wrapper brz-animated brz-css-ufqjk brz-css-smfss\">\n<div class=\"brz-rich-text brz-css-rybyx\" data-custom-id=\"gwvkpgoelm\">\n<div>\n<h6 class=\"brz-css-xfwvl\" data-generated-css=\"brz-css-tgtoe\" data-uniq-id=\"myipo\"><span class=\"brz-cp-color5\">WHO ARE WE<\/span><\/h6>\n<\/div>\n<\/div>\n<\/div>\n<div data-iteration-count=\"1\" class=\"brz-css-gynxl brz-css-kfcys brz-wrapper brz-animated brz-css-ufqjk brz-css-shzlx\">\n<div class=\"brz-rich-text brz-css-rybyx\" data-custom-id=\"phsyqgofxq\">\n<div>\n<p class=\"brz-css-jzbyy\" data-generated-css=\"brz-css-zgcvr\" data-uniq-id=\"pqnkv\"><strong class=\"brz-cp-color3\">About<\/strong><\/p>\n<\/div>\n<\/div>\n<\/div>\n<\/div>\n<\/div>\n<\/div>\n<\/div>\n<\/div>\n<\/div>\n<\/section>\n<section data-uid=\"xawoutlzdu\" id=\"xawoutlzdu\" class=\"brz-section brz-css-pdgiq\">\n<div class=\"brz-section__content brz-section--boxed brz-css-yiaij brz-css-nhive\" data-custom-id=\"bzsptariuc\">\n<div class=\"brz-bg\">\n<div class=\"brz-bg-color\"><\/div>\n<\/div>\n<div class=\"brz-container brz-css-axevi brz-css-ymerz\">\n<div class=\"brz-css-gynxl brz-css-ltakx brz-wrapper\">\n<div class=\"brz-icon-text brz-css-mddkv brz-css-bdbiv\" data-custom-id=\"ohqagzitzb\">\n<div id=\"\" class=\"brz-icon__container\" data-custom-id=\"hkvkbdivkc\"><span class=\"brz-span brz-icon css-vzwwiw\"><svg version=\"1.1\" xmlns=\"http:\/\/www.w3.org\/2000\/svg\" xmlns:xlink=\"http:\/\/www.w3.org\/1999\/xlink\" x=\"0px\" y=\"0px\" viewbox=\"0 0 24 24\" xml:space=\"preserve\" class=\"brz-icon-svg\" data-type=\"outline\" data-name=\"settings\"><g transform=\"translate(0, 0)\" class=\"nc-icon-wrapper\" fill=\"none\"><path data-cap=\"butt\" data-color=\"color-2\" fill=\"none\" stroke=\"currentColor\" vector-effect=\"non-scaling-stroke\" stroke-miterlimit=\"10\" d=\"M11.3,16.5l5.4,5.4 c1.4,1.4,3.6,1.4,5,0l0,0c1.4-1.4,1.4-3.6,0-5l-5-5\" stroke-linejoin=\"miter\" stroke-linecap=\"butt\"><\/path>  \t<line data-cap=\"butt\" data-color=\"color-2\" fill=\"none\" stroke=\"currentColor\" vector-effect=\"non-scaling-stroke\" stroke-miterlimit=\"10\" x1=\"9.8\" y1=\"10.1\" x2=\"6.5\" y2=\"6.8\" stroke-linejoin=\"miter\" stroke-linecap=\"butt\"><\/line> <polygon data-color=\"color-2\" fill=\"none\" stroke=\"currentColor\" vector-effect=\"non-scaling-stroke\" stroke-linecap=\"square\" stroke-miterlimit=\"10\" points=\" 4.4,7.5 6.5,6.8 7.2,4.7 4.4,1.9 1.6,4.7 \" stroke-linejoin=\"miter\"><\/polygon> <path fill=\"none\" stroke=\"currentColor\" vector-effect=\"non-scaling-stroke\" stroke-linecap=\"square\" stroke-miterlimit=\"10\" d=\"M22.4,4.8l-3,3l-3.5-3.5 l3-3C18.2,1,17.5,0.9,16.7,1c-2.8,0.2-5.1,2.7-5,5.6c0,0.6,0.1,1.1,0.3,1.6l-9.6,8.5c-1.4,1.3-1.5,3.5-0.2,4.8l0,0 c1.4,1.4,3.6,1.3,4.8-0.2l8.5-9.6c0.9,0.3,1.8,0.3,2.8,0.2c2-0.4,3.6-1.9,4.2-3.9C22.8,6.9,22.8,5.8,22.4,4.8z\" stroke-linejoin=\"miter\"><\/path><\/g><\/svg><\/span><\/div>\n<div class=\"brz-text-btn\">\n<div class=\"brz-rich-text brz-css-rybyx\" data-custom-id=\"wbfotwqxvh\">\n<div>\n<h2 class=\"brz-css-tceac\" data-uniq-id=\"lluvs\" data-generated-css=\"brz-css-yxuqw\"><span class=\"brz-cp-color1\">Who are we ?<\/span><\/h2>\n<\/div>\n<\/div>\n<\/div>\n<\/div>\n<\/div>\n<div class=\"brz-row__container brz-css-sibet\" data-custom-id=\"wfezyiesyl\">\n<div class=\"brz-row brz-css-mdvqz\">\n<div class=\"brz-columns brz-css-yfzyz\" data-custom-id=\"ymsqsqeifn\">\n<div class=\"brz-column__items brz-css-mrlkb brz-css-qsshg\">\n<div class=\"brz-css-gynxl brz-wrapper\">\n<div class=\"brz-rich-text brz-css-rybyx\" data-custom-id=\"etipmzuczm\">\n<div>\n<p class=\"brz-css-evkzy\" data-uniq-id=\"growf\" data-generated-css=\"brz-css-wbhph\"><span class=\"brz-cp-color7\">GMS is a Tunisian service company specialized in the field of preventive conditional maintenance of industrial installations.<\/span><\/p>\n<\/div>\n<\/div>\n<\/div>\n<\/div>\n<\/div>\n<div class=\"brz-columns brz-css-yfzyz\" data-custom-id=\"eieoetvdkj\">\n<div class=\"brz-column__items brz-css-mrlkb\">\n<div class=\"brz-css-gynxl brz-wrapper\">\n<div class=\"brz-rich-text brz-css-rybyx\" data-custom-id=\"awadszblbv\">\n<div>\n<p class=\"brz-css-qauxc\" data-uniq-id=\"vnnzd\" data-generated-css=\"brz-css-wdass\"><span class=\"brz-cp-color7\">GMS provides factories with various services such as:<\/span><\/p>\n<p class=\"brz-css-xlciy\" data-uniq-id=\"dzzjp\" data-generated-css=\"brz-css-iikwv\"><span class=\"brz-cp-color7\">\u00b7Les audits techniques des&nbsp;installations industrielles et<\/span><\/p>\n<p class=\"brz-css-xlncz\" data-uniq-id=\"tiobi\" data-generated-css=\"brz-css-goorc\"><span class=\"brz-cp-color7\">Dynamic balancing of rotating machine rotors\u2026<\/span><\/p>\n<\/div>\n<\/div>\n<\/div>\n<\/div>\n<\/div>\n<\/div>\n<\/div>\n<div class=\"brz-css-gynxl brz-css-mammi brz-wrapper\">\n<div class=\"brz-line brz-css-agosr brz-css-chtmz\" data-custom-id=\"otmtehphrv\">\n<hr class=\"brz-hr\">\n<\/div>\n<\/div>\n<div class=\"brz-row__container brz-css-sibet\" data-custom-id=\"cobwqozmis\">\n<div class=\"brz-row brz-css-mdvqz\">\n<div class=\"brz-columns brz-css-yfzyz brz-css-mnzvv\" data-custom-id=\"aocqzcnjtw\">\n<div class=\"brz-column__items brz-css-mrlkb brz-css-hmtxq\">\n<div class=\"brz-css-gynxl brz-wrapper\">\n<div class=\"brz-rich-text brz-css-rybyx\" data-custom-id=\"ndckrzgbpr\">\n<div>\n<p class=\"brz-css-tmdkw\" data-generated-css=\"brz-css-aurgs\" data-uniq-id=\"ysrhw\"><span class=\"brz-cp-color7\">Our company offers its services to companies in several countries on the African continent such as Algeria, Morocco, Libya, and Guinea.<\/span><\/p>\n<\/div>\n<\/div>\n<\/div>\n<\/div>\n<\/div>\n<\/div>\n<\/div>\n<\/div>\n<\/div>\n<\/section>\n<section data-uid=\"riibswrkox\" id=\"riibswrkox\" class=\"brz-section brz-css-pdgiq\">\n<div class=\"brz-section__content brz-section--boxed brz-css-yiaij brz-css-gvwej\" data-custom-id=\"qpnjwsgeos\">\n<div class=\"brz-container brz-css-axevi\">\n<div class=\"brz-row__container brz-css-sibet brz-css-uijpc\" data-custom-id=\"jtkuutvxsi\">\n<div class=\"brz-row brz-css-mdvqz brz-css-fsmvq\">\n<div class=\"brz-columns brz-css-yfzyz brz-css-vgbry\" data-custom-id=\"ndfwbbqtub\">\n<div class=\"brz-column__items brz-css-mrlkb brz-css-sgito\">\n<div class=\"brz-css-gynxl brz-wrapper\">\n<div class=\"brz-icon-text brz-css-mddkv brz-css-oigdq\" data-custom-id=\"opamdzmaka\">\n<div id=\"\" class=\"brz-icon__container\" data-custom-id=\"loyfsmlyvg\"><span class=\"brz-span brz-icon css-2z0g2h\"><svg version=\"1.1\" xmlns=\"http:\/\/www.w3.org\/2000\/svg\" xmlns:xlink=\"http:\/\/www.w3.org\/1999\/xlink\" x=\"0px\" y=\"0px\" viewbox=\"0 0 24 24\" xml:space=\"preserve\" class=\"brz-icon-svg\" data-type=\"outline\" data-name=\"business-contact-89\"><g transform=\"translate(0, 0)\" class=\"nc-icon-wrapper\" fill=\"none\"><polyline data-cap=\"butt\" data-color=\"color-2\" fill=\"none\" stroke=\"currentColor\" vector-effect=\"non-scaling-stroke\" stroke-miterlimit=\"10\" points=\"9,23 11,18 13,18 15,23 \" stroke-linejoin=\"miter\" stroke-linecap=\"butt\"><\/polyline> <path data-cap=\"butt\" fill=\"none\" stroke=\"currentColor\" vector-effect=\"non-scaling-stroke\" stroke-miterlimit=\"10\" d=\"M6.003,6.796 c0.63,0.186,1.292,0.31,1.982,0.31c1.96,0,3.729-0.808,5-2.106c1.271,1.298,3.054,2.106,5.014,2.106\" stroke-linejoin=\"miter\" stroke-linecap=\"butt\"><\/path> <path fill=\"none\" stroke=\"currentColor\" vector-effect=\"non-scaling-stroke\" stroke-linecap=\"square\" stroke-miterlimit=\"10\" d=\"M6,7c0-3.314,2.686-6,6-6 s6,2.686,6,6c0,5-2.686,8-6,8S6,12,6,7z\" stroke-linejoin=\"miter\"><\/path> <path data-cap=\"butt\" fill=\"none\" stroke=\"currentColor\" vector-effect=\"non-scaling-stroke\" stroke-miterlimit=\"10\" d=\"M8.796,13.907l-5.825,3.51 C2.369,17.779,2,18.43,2,19.132V23h20v-3.868c0-0.703-0.369-1.354-0.971-1.715l-5.825-3.51\" stroke-linejoin=\"miter\" stroke-linecap=\"butt\"><\/path><\/g><\/svg><\/span><\/div>\n<div class=\"brz-text-btn\">\n<div class=\"brz-rich-text brz-css-rybyx\" data-custom-id=\"jlhjmddmhh\">\n<div>\n<p class=\"brz-css-wtxxg\" data-uniq-id=\"gbbvx\" data-generated-css=\"brz-css-pqwtp\"><span class=\"brz-cp-color4\">PORTFOLIO<\/span><\/p>\n<h2 class=\"brz-css-harse\" data-uniq-id=\"wgnnv\" data-generated-css=\"brz-css-eriur\"><span class=\"brz-cp-color1\">Some of Our Clients<\/span><\/h2>\n<\/div>\n<\/div>\n<\/div>\n<\/div>\n<\/div>\n<\/div>\n<\/div>\n<\/div>\n<\/div>\n<div class=\"brz-row__container brz-css-sibet\" data-custom-id=\"xqsuvzxqli\">\n<div class=\"brz-row brz-css-mdvqz brz-css-jrcgk\">\n<div class=\"brz-columns brz-css-yfzyz brz-css-eszpa\" data-custom-id=\"jfynyujuqd\">\n<div class=\"brz-bg\"><\/div>\n<div class=\"brz-column__items brz-css-mrlkb brz-css-cjqap\">\n<div class=\"brz-css-gynxl brz-css-zrzrt brz-wrapper\">\n<div class=\"brz-spacer brz-css-gxwsy brz-css-lcwvr\"><\/div>\n<\/div>\n<div class=\"brz-css-gynxl brz-wrapper\">\n<div class=\"brz-image brz-css-qmgbc\"><picture class=\"brz-picture brz-d-block brz-p-relative brz-css-ndekb\" data-custom-id=\"ukufbwwjis\"><source srcset=\"https:\/\/www.gms-tunisia.com\/?brizy_media=wp-6b9ea704e27b199d46d79cf7bba110b2.jpg&amp;brizy_crop=iW%3D130%26iH%3D130%26oX%3D0%26oY%3D1%26cW%3D130%26cH%3D129 1x, https:\/\/www.gms-tunisia.com\/?brizy_media=wp-6b9ea704e27b199d46d79cf7bba110b2.jpg&amp;brizy_crop=iW%3D260%26iH%3D260%26oX%3D0%26oY%3D2%26cW%3D260%26cH%3D258 2x\" media=\"(min-width: 992px)\"><source srcset=\"https:\/\/www.gms-tunisia.com\/?brizy_media=wp-6b9ea704e27b199d46d79cf7bba110b2.jpg&amp;brizy_crop=iW%3D71%26iH%3D71%26oX%3D0%26oY%3D0%26cW%3D71%26cH%3D70 1x, https:\/\/www.gms-tunisia.com\/?brizy_media=wp-6b9ea704e27b199d46d79cf7bba110b2.jpg&amp;brizy_crop=iW%3D142%26iH%3D142%26oX%3D0%26oY%3D0%26cW%3D142%26cH%3D140 2x\" media=\"(min-width: 768px)\"><img class=\"brz-img\" srcset=\"https:\/\/www.gms-tunisia.com\/?brizy_media=wp-6b9ea704e27b199d46d79cf7bba110b2.jpg&amp;brizy_crop=iW%3D183%26iH%3D183%26oX%3D0%26oY%3D1%26cW%3D183%26cH%3D181 1x, https:\/\/www.gms-tunisia.com\/?brizy_media=wp-6b9ea704e27b199d46d79cf7bba110b2.jpg&amp;brizy_crop=iW%3D366%26iH%3D366%26oX%3D0%26oY%3D2%26cW%3D366%26cH%3D362 2x\" src=\"https:\/\/www.gms-tunisia.com\/?brizy_media=wp-6b9ea704e27b199d46d79cf7bba110b2.jpg&amp;brizy_crop=iW%3D130%26iH%3D130%26oX%3D0%26oY%3D1%26cW%3D130%26cH%3D129\" alt=\"\" draggable=\"false\" loading=\"lazy\"><\/picture><\/div>\n<\/div>\n<div class=\"brz-css-gynxl brz-css-zrzrt brz-wrapper\">\n<div class=\"brz-spacer brz-css-gxwsy brz-css-ltnwe\"><\/div>\n<\/div>\n<\/div>\n<\/div>\n<div class=\"brz-columns brz-css-yfzyz brz-css-ormuz\" data-custom-id=\"vhmbcfuefg\">\n<div class=\"brz-bg\"><\/div>\n<div class=\"brz-column__items brz-css-mrlkb brz-css-gsmrk\">\n<div class=\"brz-css-gynxl brz-css-zrzrt brz-wrapper\">\n<div class=\"brz-spacer brz-css-gxwsy brz-css-usiuz\"><\/div>\n<\/div>\n<div class=\"brz-css-gynxl brz-wrapper\">\n<div class=\"brz-image brz-css-sjsts\"><picture class=\"brz-picture brz-d-block brz-p-relative brz-css-ojijz\" data-custom-id=\"acpkncnwty\"><source srcset=\"https:\/\/www.gms-tunisia.com\/?brizy_media=wp-cc1d64153662ecad2831d288f571ba05.png&amp;brizy_crop=iW%3D130%26iH%3D130%26oX%3D0%26oY%3D1%26cW%3D130%26cH%3D127 1x, https:\/\/www.gms-tunisia.com\/?brizy_media=wp-cc1d64153662ecad2831d288f571ba05.png&amp;brizy_crop=iW%3D260%26iH%3D260%26oX%3D0%26oY%3D2%26cW%3D260%26cH%3D254 2x\" media=\"(min-width: 992px)\"><source srcset=\"https:\/\/www.gms-tunisia.com\/?brizy_media=wp-cc1d64153662ecad2831d288f571ba05.png&amp;brizy_crop=iW%3D71%26iH%3D71%26oX%3D0%26oY%3D1%26cW%3D71%26cH%3D70 1x, https:\/\/www.gms-tunisia.com\/?brizy_media=wp-cc1d64153662ecad2831d288f571ba05.png&amp;brizy_crop=iW%3D142%26iH%3D142%26oX%3D0%26oY%3D2%26cW%3D142%26cH%3D140 2x\" media=\"(min-width: 768px)\"><img class=\"brz-img\" srcset=\"https:\/\/www.gms-tunisia.com\/?brizy_media=wp-cc1d64153662ecad2831d288f571ba05.png&amp;brizy_crop=iW%3D183%26iH%3D183%26oX%3D0%26oY%3D2%26cW%3D183%26cH%3D179 1x, https:\/\/www.gms-tunisia.com\/?brizy_media=wp-cc1d64153662ecad2831d288f571ba05.png&amp;brizy_crop=iW%3D366%26iH%3D366%26oX%3D0%26oY%3D4%26cW%3D366%26cH%3D358 2x\" src=\"https:\/\/www.gms-tunisia.com\/?brizy_media=wp-cc1d64153662ecad2831d288f571ba05.png&amp;brizy_crop=iW%3D130%26iH%3D130%26oX%3D0%26oY%3D1%26cW%3D130%26cH%3D127\" alt=\"\" draggable=\"false\" loading=\"lazy\"><\/picture><\/div>\n<\/div>\n<div class=\"brz-css-gynxl brz-css-zrzrt brz-wrapper\">\n<div class=\"brz-spacer brz-css-gxwsy brz-css-wiovb\"><\/div>\n<\/div>\n<\/div>\n<\/div>\n<div class=\"brz-columns brz-css-yfzyz brz-css-aitvy\" data-custom-id=\"dwosxuxxjy\">\n<div class=\"brz-bg\"><\/div>\n<div class=\"brz-column__items brz-css-mrlkb brz-css-xaikn\">\n<div class=\"brz-css-gynxl brz-css-zrzrt brz-wrapper\">\n<div class=\"brz-spacer brz-css-gxwsy brz-css-ymnoz\"><\/div>\n<\/div>\n<div class=\"brz-css-gynxl brz-wrapper\">\n<div class=\"brz-image brz-css-eqsaj\"><picture class=\"brz-picture brz-d-block brz-p-relative brz-css-pvqlu\" data-custom-id=\"eeqngxktaw\"><source srcset=\"https:\/\/www.gms-tunisia.com\/?brizy_media=wp-de9d46440abbb737eda642954c2a71db.jpeg&amp;brizy_crop=iW%3D217%26iH%3D127%26oX%3D43%26oY%3D0%26cW%3D130%26cH%3D127 1x, https:\/\/www.gms-tunisia.com\/?brizy_media=wp-de9d46440abbb737eda642954c2a71db.jpeg&amp;brizy_crop=iW%3D434%26iH%3D254%26oX%3D86%26oY%3D0%26cW%3D260%26cH%3D254 2x\" media=\"(min-width: 992px)\"><source srcset=\"https:\/\/www.gms-tunisia.com\/?brizy_media=wp-de9d46440abbb737eda642954c2a71db.jpeg&amp;brizy_crop=iW%3D119%26iH%3D70%26oX%3D24%26oY%3D0%26cW%3D71%26cH%3D70 1x, https:\/\/www.gms-tunisia.com\/?brizy_media=wp-de9d46440abbb737eda642954c2a71db.jpeg&amp;brizy_crop=iW%3D238%26iH%3D140%26oX%3D48%26oY%3D0%26cW%3D142%26cH%3D140 2x\" media=\"(min-width: 768px)\"><img class=\"brz-img\" srcset=\"https:\/\/www.gms-tunisia.com\/?brizy_media=wp-de9d46440abbb737eda642954c2a71db.jpeg&amp;brizy_crop=iW%3D305%26iH%3D179%26oX%3D61%26oY%3D0%26cW%3D183%26cH%3D179 1x, https:\/\/www.gms-tunisia.com\/?brizy_media=wp-de9d46440abbb737eda642954c2a71db.jpeg&amp;brizy_crop=iW%3D610%26iH%3D358%26oX%3D122%26oY%3D0%26cW%3D366%26cH%3D358 2x\" src=\"https:\/\/www.gms-tunisia.com\/?brizy_media=wp-de9d46440abbb737eda642954c2a71db.jpeg&amp;brizy_crop=iW%3D217%26iH%3D127%26oX%3D43%26oY%3D0%26cW%3D130%26cH%3D127\" alt=\"\" draggable=\"false\" loading=\"lazy\"><\/picture><\/div>\n<\/div>\n<div class=\"brz-css-gynxl brz-css-zrzrt brz-wrapper\">\n<div class=\"brz-spacer brz-css-gxwsy brz-css-efsly\"><\/div>\n<\/div>\n<\/div>\n<\/div>\n<div class=\"brz-columns brz-css-yfzyz brz-css-lvkou\" data-custom-id=\"nsejpdrqcv\">\n<div class=\"brz-bg\"><\/div>\n<div class=\"brz-column__items brz-css-mrlkb brz-css-hfrkc\">\n<div class=\"brz-css-gynxl brz-css-zrzrt brz-wrapper\">\n<div class=\"brz-spacer brz-css-gxwsy brz-css-knixh\"><\/div>\n<\/div>\n<div class=\"brz-css-gynxl brz-wrapper\">\n<div class=\"brz-image brz-css-uadep\"><picture class=\"brz-picture brz-d-block brz-p-relative brz-css-fsjsh\" data-custom-id=\"husxkhixcu\"><source srcset=\"https:\/\/www.gms-tunisia.com\/?brizy_media=wp-91f36130bd540814f36fb486e3223791.jpeg&amp;brizy_crop=iW%3D130%26iH%3D130%26oX%3D0%26oY%3D1%26cW%3D130%26cH%3D127 1x, https:\/\/www.gms-tunisia.com\/?brizy_media=wp-91f36130bd540814f36fb486e3223791.jpeg&amp;brizy_crop=iW%3D260%26iH%3D260%26oX%3D0%26oY%3D2%26cW%3D260%26cH%3D254 2x\" media=\"(min-width: 992px)\"><source srcset=\"https:\/\/www.gms-tunisia.com\/?brizy_media=wp-91f36130bd540814f36fb486e3223791.jpeg&amp;brizy_crop=iW%3D71%26iH%3D71%26oX%3D0%26oY%3D1%26cW%3D71%26cH%3D70 1x, https:\/\/www.gms-tunisia.com\/?brizy_media=wp-91f36130bd540814f36fb486e3223791.jpeg&amp;brizy_crop=iW%3D142%26iH%3D142%26oX%3D0%26oY%3D2%26cW%3D142%26cH%3D140 2x\" media=\"(min-width: 768px)\"><img class=\"brz-img\" srcset=\"https:\/\/www.gms-tunisia.com\/?brizy_media=wp-91f36130bd540814f36fb486e3223791.jpeg&amp;brizy_crop=iW%3D183%26iH%3D183%26oX%3D0%26oY%3D2%26cW%3D183%26cH%3D179 1x, https:\/\/www.gms-tunisia.com\/?brizy_media=wp-91f36130bd540814f36fb486e3223791.jpeg&amp;brizy_crop=iW%3D366%26iH%3D366%26oX%3D0%26oY%3D4%26cW%3D366%26cH%3D358 2x\" src=\"https:\/\/www.gms-tunisia.com\/?brizy_media=wp-91f36130bd540814f36fb486e3223791.jpeg&amp;brizy_crop=iW%3D130%26iH%3D130%26oX%3D0%26oY%3D1%26cW%3D130%26cH%3D127\" alt=\"\" draggable=\"false\" loading=\"lazy\"><\/picture><\/div>\n<\/div>\n<div class=\"brz-css-gynxl brz-css-zrzrt brz-wrapper\">\n<div class=\"brz-spacer brz-css-gxwsy brz-css-sjtpo\"><\/div>\n<\/div>\n<\/div>\n<\/div>\n<\/div>\n<\/div>\n<div class=\"brz-row__container brz-css-sibet\" data-custom-id=\"pevstgtbvy\">\n<div class=\"brz-row brz-css-mdvqz brz-css-jrcgk\">\n<div class=\"brz-columns brz-css-yfzyz brz-css-zhynr\" data-custom-id=\"dxfcnpasfi\">\n<div class=\"brz-bg\"><\/div>\n<div class=\"brz-column__items brz-css-mrlkb brz-css-lhthp\">\n<div class=\"brz-css-gynxl brz-css-zrzrt brz-wrapper\">\n<div class=\"brz-spacer brz-css-gxwsy brz-css-xnpnb\"><\/div>\n<\/div>\n<div class=\"brz-css-gynxl brz-wrapper\">\n<div class=\"brz-image brz-css-emufe\"><picture class=\"brz-picture brz-d-block brz-p-relative brz-css-iawlj\" data-custom-id=\"wonltewuqp\"><source srcset=\"https:\/\/www.gms-tunisia.com\/?brizy_media=wp-f9944682f907f8d20d506d166360332a.png&amp;brizy_crop=iW%3D130%26iH%3D130%26oX%3D0%26oY%3D1%26cW%3D130%26cH%3D127 1x, https:\/\/www.gms-tunisia.com\/?brizy_media=wp-f9944682f907f8d20d506d166360332a.png&amp;brizy_crop=iW%3D260%26iH%3D260%26oX%3D0%26oY%3D2%26cW%3D260%26cH%3D254 2x\" media=\"(min-width: 992px)\"><source srcset=\"https:\/\/www.gms-tunisia.com\/?brizy_media=wp-f9944682f907f8d20d506d166360332a.png&amp;brizy_crop=iW%3D71%26iH%3D71%26oX%3D0%26oY%3D1%26cW%3D71%26cH%3D70 1x, https:\/\/www.gms-tunisia.com\/?brizy_media=wp-f9944682f907f8d20d506d166360332a.png&amp;brizy_crop=iW%3D142%26iH%3D142%26oX%3D0%26oY%3D2%26cW%3D142%26cH%3D140 2x\" media=\"(min-width: 768px)\"><img class=\"brz-img\" srcset=\"https:\/\/www.gms-tunisia.com\/?brizy_media=wp-f9944682f907f8d20d506d166360332a.png&amp;brizy_crop=iW%3D183%26iH%3D183%26oX%3D0%26oY%3D2%26cW%3D183%26cH%3D179 1x, https:\/\/www.gms-tunisia.com\/?brizy_media=wp-f9944682f907f8d20d506d166360332a.png&amp;brizy_crop=iW%3D366%26iH%3D366%26oX%3D0%26oY%3D4%26cW%3D366%26cH%3D358 2x\" src=\"https:\/\/www.gms-tunisia.com\/?brizy_media=wp-f9944682f907f8d20d506d166360332a.png&amp;brizy_crop=iW%3D130%26iH%3D130%26oX%3D0%26oY%3D1%26cW%3D130%26cH%3D127\" alt=\"\" draggable=\"false\" loading=\"lazy\"><\/picture><\/div>\n<\/div>\n<div class=\"brz-css-gynxl brz-css-zrzrt brz-wrapper\">\n<div class=\"brz-spacer brz-css-gxwsy brz-css-lrepg\"><\/div>\n<\/div>\n<\/div>\n<\/div>\n<div class=\"brz-columns brz-css-yfzyz brz-css-ssmwj\" data-custom-id=\"toseuttbbf\">\n<div class=\"brz-bg\"><\/div>\n<div class=\"brz-column__items brz-css-mrlkb brz-css-bavrk\">\n<div class=\"brz-css-gynxl brz-css-zrzrt brz-wrapper\">\n<div class=\"brz-spacer brz-css-gxwsy brz-css-liyxt\"><\/div>\n<\/div>\n<div class=\"brz-css-gynxl brz-wrapper\">\n<div class=\"brz-image brz-css-fpisj brz-css-nhcdf\"><picture class=\"brz-picture brz-d-block brz-p-relative brz-css-keyku brz-css-qxcse\" data-custom-id=\"bvigewnbpk\"><source srcset=\"https:\/\/www.gms-tunisia.com\/wp-content\/uploads\/2022\/05\/gac-logo-300x172.webp 1x, https:\/\/www.gms-tunisia.com\/wp-content\/uploads\/2022\/05\/gac-logo-300x172.webp 2x\" media=\"(min-width: 992px)\"><source srcset=\"https:\/\/www.gms-tunisia.com\/wp-content\/uploads\/2022\/05\/gac-logo-300x172.webp 1x, https:\/\/www.gms-tunisia.com\/wp-content\/uploads\/2022\/05\/gac-logo-300x172.webp 2x\" media=\"(min-width: 768px)\"><img class=\"brz-img\" srcset=\"https:\/\/www.gms-tunisia.com\/wp-content\/uploads\/2022\/05\/gac-logo-300x172.webp 1x, https:\/\/www.gms-tunisia.com\/wp-content\/uploads\/2022\/05\/gac-logo-300x172.webp 2x\" src=\"https:\/\/www.gms-tunisia.com\/wp-content\/uploads\/2022\/05\/gac-logo-300x172.webp\" alt=\"\" draggable=\"false\" loading=\"lazy\"><\/picture><\/div>\n<\/div>\n<div class=\"brz-css-gynxl brz-css-zrzrt brz-wrapper\">\n<div class=\"brz-spacer brz-css-gxwsy brz-css-jgwym\"><\/div>\n<\/div>\n<\/div>\n<\/div>\n<div class=\"brz-columns brz-css-yfzyz brz-css-iiplm\" data-custom-id=\"bbeizhxjgh\">\n<div class=\"brz-bg\"><\/div>\n<div class=\"brz-column__items brz-css-mrlkb brz-css-tezxe\">\n<div class=\"brz-css-gynxl brz-css-zrzrt brz-wrapper\">\n<div class=\"brz-spacer brz-css-gxwsy brz-css-kboax\"><\/div>\n<\/div>\n<div class=\"brz-css-gynxl brz-wrapper\">\n<div class=\"brz-image brz-css-kxmks\"><picture class=\"brz-picture brz-d-block brz-p-relative brz-css-dgzdm\" data-custom-id=\"emegxkucfx\"><source srcset=\"https:\/\/www.gms-tunisia.com\/?brizy_media=wp-1b6128c9f849effd1ef7521c18d0947c.jpeg&amp;brizy_crop=iW%3D204%26iH%3D127%26oX%3D37%26oY%3D0%26cW%3D130%26cH%3D127 1x, https:\/\/www.gms-tunisia.com\/?brizy_media=wp-1b6128c9f849effd1ef7521c18d0947c.jpeg&amp;brizy_crop=iW%3D408%26iH%3D254%26oX%3D74%26oY%3D0%26cW%3D260%26cH%3D254 2x\" media=\"(min-width: 992px)\"><source srcset=\"https:\/\/www.gms-tunisia.com\/?brizy_media=wp-1b6128c9f849effd1ef7521c18d0947c.jpeg&amp;brizy_crop=iW%3D112%26iH%3D70%26oX%3D20%26oY%3D0%26cW%3D71%26cH%3D70 1x, https:\/\/www.gms-tunisia.com\/?brizy_media=wp-1b6128c9f849effd1ef7521c18d0947c.jpeg&amp;brizy_crop=iW%3D224%26iH%3D140%26oX%3D40%26oY%3D0%26cW%3D142%26cH%3D140 2x\" media=\"(min-width: 768px)\"><img class=\"brz-img\" srcset=\"https:\/\/www.gms-tunisia.com\/?brizy_media=wp-1b6128c9f849effd1ef7521c18d0947c.jpeg&amp;brizy_crop=iW%3D287%26iH%3D179%26oX%3D52%26oY%3D0%26cW%3D183%26cH%3D179 1x, https:\/\/www.gms-tunisia.com\/?brizy_media=wp-1b6128c9f849effd1ef7521c18d0947c.jpeg&amp;brizy_crop=iW%3D574%26iH%3D358%26oX%3D104%26oY%3D0%26cW%3D366%26cH%3D358 2x\" src=\"https:\/\/www.gms-tunisia.com\/?brizy_media=wp-1b6128c9f849effd1ef7521c18d0947c.jpeg&amp;brizy_crop=iW%3D204%26iH%3D127%26oX%3D37%26oY%3D0%26cW%3D130%26cH%3D127\" alt=\"\" draggable=\"false\" loading=\"lazy\"><\/picture><\/div>\n<\/div>\n<div class=\"brz-css-gynxl brz-css-zrzrt brz-wrapper\">\n<div class=\"brz-spacer brz-css-gxwsy brz-css-kyplg\"><\/div>\n<\/div>\n<\/div>\n<\/div>\n<div class=\"brz-columns brz-css-yfzyz brz-css-hcpxf\" data-custom-id=\"hgirdrxbfl\">\n<div class=\"brz-bg\"><\/div>\n<div class=\"brz-column__items brz-css-mrlkb brz-css-gpabj\">\n<div class=\"brz-css-gynxl brz-css-zrzrt brz-wrapper\">\n<div class=\"brz-spacer brz-css-gxwsy brz-css-egvlh\"><\/div>\n<\/div>\n<div class=\"brz-css-gynxl brz-wrapper\">\n<div class=\"brz-image brz-css-hiwgh\"><picture class=\"brz-picture brz-d-block brz-p-relative brz-css-chvss\" data-custom-id=\"efcbxkldkq\"><source srcset=\"https:\/\/www.gms-tunisia.com\/?brizy_media=wp-56a71618bed08560fdff6d43c5fa59bf.jpg&amp;brizy_crop=iW%3D130%26iH%3D130%26oX%3D0%26oY%3D1%26cW%3D130%26cH%3D127 1x, https:\/\/www.gms-tunisia.com\/?brizy_media=wp-56a71618bed08560fdff6d43c5fa59bf.jpg&amp;brizy_crop=iW%3D260%26iH%3D260%26oX%3D0%26oY%3D2%26cW%3D260%26cH%3D254 2x\" media=\"(min-width: 992px)\"><source srcset=\"https:\/\/www.gms-tunisia.com\/?brizy_media=wp-56a71618bed08560fdff6d43c5fa59bf.jpg&amp;brizy_crop=iW%3D71%26iH%3D71%26oX%3D0%26oY%3D1%26cW%3D71%26cH%3D70 1x, https:\/\/www.gms-tunisia.com\/?brizy_media=wp-56a71618bed08560fdff6d43c5fa59bf.jpg&amp;brizy_crop=iW%3D142%26iH%3D142%26oX%3D0%26oY%3D2%26cW%3D142%26cH%3D140 2x\" media=\"(min-width: 768px)\"><img class=\"brz-img\" srcset=\"https:\/\/www.gms-tunisia.com\/?brizy_media=wp-56a71618bed08560fdff6d43c5fa59bf.jpg&amp;brizy_crop=iW%3D183%26iH%3D183%26oX%3D0%26oY%3D2%26cW%3D183%26cH%3D179 1x, https:\/\/www.gms-tunisia.com\/?brizy_media=wp-56a71618bed08560fdff6d43c5fa59bf.jpg&amp;brizy_crop=iW%3D366%26iH%3D366%26oX%3D0%26oY%3D4%26cW%3D366%26cH%3D358 2x\" src=\"https:\/\/www.gms-tunisia.com\/?brizy_media=wp-56a71618bed08560fdff6d43c5fa59bf.jpg&amp;brizy_crop=iW%3D130%26iH%3D130%26oX%3D0%26oY%3D1%26cW%3D130%26cH%3D127\" alt=\"\" draggable=\"false\" loading=\"lazy\"><\/picture><\/div>\n<\/div>\n<div class=\"brz-css-gynxl brz-css-zrzrt brz-wrapper\">\n<div class=\"brz-spacer brz-css-gxwsy brz-css-iqyxz\"><\/div>\n<\/div>\n<\/div>\n<\/div>\n<\/div>\n<\/div>\n<div class=\"brz-wrapper-clone brz-css-pkpgk\">\n<div class=\"brz-d-xs-flex brz-flex-xs-wrap brz-css-cstja\">\n<div class=\"brz-wrapper-clone__item brz-css-pzwov\" id=\"mxjxnefoymgimybchwzndzrnaciwsgtubpjv\"><a class=\"brz-a brz-btn brz-css-eubkf\" href=\"https:\/\/www.gms-tunisia.com\/nos-references\/\" data-brz-link-type=\"external\" id=\"\" data-custom-id=\"mxjxnefoymgimybchwzndzrnaciwsgtubpjv\"><svg version=\"1.1\" xmlns=\"http:\/\/www.w3.org\/2000\/svg\" xmlns:xlink=\"http:\/\/www.w3.org\/1999\/xlink\" x=\"0px\" y=\"0px\" viewbox=\"0 0 24 24\" xml:space=\"preserve\" class=\"brz-icon-svg brz-css-cxypr\" data-type=\"glyph\" data-name=\"tail-right\"><g class=\"nc-icon-wrapper\" fill=\"currentColor\"><path fill=\"currentColor\" d=\"M22.707,11.293L15,3.586L13.586,5l6,6H2c-0.553,0-1,0.448-1,1s0.447,1,1,1h17.586l-6,6L15,20.414 l7.707-7.707C23.098,12.316,23.098,11.684,22.707,11.293z\"><\/path><\/g><\/svg><span class=\"brz-span brz-text__editor\">MORE REFERENCES<\/span><\/a><\/div>\n<\/div>\n<\/div>\n<\/div>\n<\/div>\n<\/section>\n<\/div>\n<p><!-- version:1651704469 --><\/p>","protected":false},"excerpt":{"rendered":"<p>QUI SOMMES NOUS A Propos Qui Sommes-Nous ? GMS est une soci\u00e9t\u00e9 tunisienne de service sp\u00e9cialis\u00e9e dans le domaine de maintenance conditionnelle pr\u00e9ventive des installations industrielles. GMS fournie aux usines diff\u00e9rentes prestations telles que : \u00b7Les audits techniques des&nbsp;installations industrielles et L&rsquo;\u00e9quilibrage dynamique des rotors des machines tournantes &#8230; Notre soci\u00e9t\u00e9 offre ses services \u00e0 [&hellip;]<\/p>","protected":false},"author":1,"featured_media":0,"parent":0,"menu_order":0,"comment_status":"closed","ping_status":"closed","template":"visual-builder-template.php","meta":[],"_links":{"self":[{"href":"https:\/\/www.gms-tunisia.com\/en\/wp-json\/wp\/v2\/pages\/477"}],"collection":[{"href":"https:\/\/www.gms-tunisia.com\/en\/wp-json\/wp\/v2\/pages"}],"about":[{"href":"https:\/\/www.gms-tunisia.com\/en\/wp-json\/wp\/v2\/types\/page"}],"author":[{"embeddable":true,"href":"https:\/\/www.gms-tunisia.com\/en\/wp-json\/wp\/v2\/users\/1"}],"replies":[{"embeddable":true,"href":"https:\/\/www.gms-tunisia.com\/en\/wp-json\/wp\/v2\/comments?post=477"}],"version-history":[{"count":11,"href":"https:\/\/www.gms-tunisia.com\/en\/wp-json\/wp\/v2\/pages\/477\/revisions"}],"predecessor-version":[{"id":807,"href":"https:\/\/www.gms-tunisia.com\/en\/wp-json\/wp\/v2\/pages\/477\/revisions\/807"}],"wp:attachment":[{"href":"https:\/\/www.gms-tunisia.com\/en\/wp-json\/wp\/v2\/media?parent=477"}],"curies":[{"name":"wp","href":"https:\/\/api.w.org\/{rel}","templated":true}]}}