{"id":703,"date":"2022-05-04T23:37:00","date_gmt":"2022-05-04T21:37:00","guid":{"rendered":"https:\/\/www.gms-tunisia.com\/?page_id=703"},"modified":"2022-05-05T00:04:13","modified_gmt":"2022-05-04T22:04:13","slug":"analyse-vibratoire","status":"publish","type":"page","link":"https:\/\/www.gms-tunisia.com\/en\/analyse-vibratoire\/","title":{"rendered":"Vibration analysis"},"content":{"rendered":"<div class=\"brz-root__container brz-reset-all\">\n<section data-uid=\"pxWWwP74ss\" id=\"pxWWwP74ss\" class=\"brz-section brz-css-tbzyw\">\n<div class=\"brz-section__content brz-section--boxed brz-css-znxlw brz-css-xjwji\" data-custom-id=\"YFAtw9k4UH\">\n<div class=\"brz-container brz-css-sjsae\">\n<div class=\"brz-row__container brz-css-ttuow\" data-custom-id=\"EFtZchxlFl\">\n<div class=\"brz-row brz-css-kjzyv\">\n<div class=\"brz-columns brz-css-gedeu brz-css-jcmip\" data-custom-id=\"2QRdWpcwG3\">\n<div class=\"brz-column__items brz-css-ygwcz brz-css-qtpnm\">\n<div class=\"brz-row__container brz-css-ttuow\" data-custom-id=\"Sakm7Uyqr4\">\n<div class=\"brz-row brz-row--inner brz-css-kjzyv brz-css-jfmtk\">\n<div class=\"brz-columns brz-css-gedeu brz-css-dtmox\" data-custom-id=\"k8MUND3JwT\">\n<div class=\"brz-column__items brz-css-ygwcz brz-css-smjrv\">\n<div class=\"brz-css-lhqvz brz-css-rbhqt brz-wrapper\">\n<div class=\"brz-rich-text brz-css-ijqhd\" data-custom-id=\"tjHSrK3hHD\">\n<div>\n<h6 class=\"brz-css-erukm\" data-generated-css=\"brz-css-inacl\" data-uniq-id=\"qimbn\"><span class=\"brz-cp-color1\">VIBRATION<\/span><\/h6>\n<h6 class=\"brz-css-eofsb\" data-generated-css=\"brz-css-bqejx\" data-uniq-id=\"dyxcn\"><span class=\"brz-cp-color3\">Advice \u2013 Study \u2013 Training \u2013 Assistance <\/span><\/h6>\n<p data-generated-css=\"brz-css-inoyh\" data-uniq-id=\"zrywn\" class=\"brz-css-kzuyz\"><\/p>\n<\/div>\n<\/div>\n<\/div>\n<div class=\"brz-css-lhqvz brz-wrapper\">\n<div class=\"brz-rich-text brz-css-ijqhd\" data-custom-id=\"EU2EEAvtvi\">\n<div>\n<ul>\n<li data-generated-css=\"brz-css-mitjn\" data-uniq-id=\"gpoyy\" class=\"brz-css-popuh\"><span class=\"brz-cp-color7\">Preventive maintenance by periodic \u201cOff-Line\u201d measurement and monitoring<\/span><\/li>\n<li data-generated-css=\"brz-css-tsicf\" data-uniq-id=\"mjgct\" class=\"brz-css-wupzi\"><span class=\"brz-cp-color7\">Vibration expertise in rotating machines, structures, and pipes<\/span><\/li>\n<li data-generated-css=\"brz-css-eqwlq\" data-uniq-id=\"hzfii\" class=\"brz-css-rwwep\"><span class=\"brz-cp-color7\">Vibration acceptance of new and renovated installations<\/span><\/li>\n<li data-generated-css=\"brz-css-rmgtg\" data-uniq-id=\"lcjnu\" class=\"brz-css-xjujo\"><span class=\"brz-cp-color7\">Remote monitoring<\/span><\/li>\n<li data-generated-css=\"brz-css-muwxc\" data-uniq-id=\"rmdgf\" class=\"brz-css-qgqvf\"><span class=\"brz-cp-color7\">Implementation of \u201cON-LINE\u201d surveillance systems<\/span><\/li>\n<li data-generated-css=\"brz-css-rrmqy\" data-uniq-id=\"jwlyo\" class=\"brz-css-buriz\"><span class=\"brz-cp-color7\">Dynamic balancing of rotors on site and on a balancing bench<\/span><\/li>\n<li data-generated-css=\"brz-css-zriql\" data-uniq-id=\"vysku\" class=\"brz-css-gwqwb\"><span class=\"brz-cp-color7\">Laser alignment of rotating machines<\/span><\/li>\n<li data-generated-css=\"brz-css-dbemv\" data-uniq-id=\"kjrnr\" class=\"brz-css-ttnea\"><span class=\"brz-cp-color7\">Assistance to companies setting up<\/span><\/li>\n<\/ul>\n<\/div>\n<\/div>\n<\/div>\n<\/div>\n<\/div>\n<\/div>\n<\/div>\n<\/div>\n<\/div>\n<\/div>\n<\/div>\n<\/div>\n<\/div>\n<\/section>\n<\/div>\n<p><!-- version:1651701853 --><\/p>","protected":false},"excerpt":{"rendered":"<p>VIBRATION Conseil &#8211; Etude &#8211; Formation &#8211; Assistance Maintenance pr\u00e9ventive par mesure et suivi p\u00e9riodiques \u00ab Off-Line \u00bb Expertise vibratoire des machines tournantes, structures et conduites Recette vibratoire des installations neuves et r\u00e9nov\u00e9es T\u00e9l\u00e9surveillance Mise en place de syst\u00e8mes de surveillance \u00ab ON-LINE \u00bb Equilibrage dynamique des rotors sur site et sur banc d\u2019\u00e9quilibrage Alignement [&hellip;]<\/p>","protected":false},"author":1,"featured_media":0,"parent":0,"menu_order":0,"comment_status":"closed","ping_status":"closed","template":"visual-builder-template.php","meta":[],"_links":{"self":[{"href":"https:\/\/www.gms-tunisia.com\/en\/wp-json\/wp\/v2\/pages\/703"}],"collection":[{"href":"https:\/\/www.gms-tunisia.com\/en\/wp-json\/wp\/v2\/pages"}],"about":[{"href":"https:\/\/www.gms-tunisia.com\/en\/wp-json\/wp\/v2\/types\/page"}],"author":[{"embeddable":true,"href":"https:\/\/www.gms-tunisia.com\/en\/wp-json\/wp\/v2\/users\/1"}],"replies":[{"embeddable":true,"href":"https:\/\/www.gms-tunisia.com\/en\/wp-json\/wp\/v2\/comments?post=703"}],"version-history":[{"count":11,"href":"https:\/\/www.gms-tunisia.com\/en\/wp-json\/wp\/v2\/pages\/703\/revisions"}],"predecessor-version":[{"id":752,"href":"https:\/\/www.gms-tunisia.com\/en\/wp-json\/wp\/v2\/pages\/703\/revisions\/752"}],"wp:attachment":[{"href":"https:\/\/www.gms-tunisia.com\/en\/wp-json\/wp\/v2\/media?parent=703"}],"curies":[{"name":"wp","href":"https:\/\/api.w.org\/{rel}","templated":true}]}}