{"id":734,"date":"2022-05-04T23:53:53","date_gmt":"2022-05-04T21:53:53","guid":{"rendered":"https:\/\/www.gms-tunisia.com\/?page_id=734"},"modified":"2022-05-05T06:00:55","modified_gmt":"2022-05-05T04:00:55","slug":"thermographie-infrarouge","status":"publish","type":"page","link":"https:\/\/www.gms-tunisia.com\/en\/thermographie-infrarouge\/","title":{"rendered":"INFRARED THERMOGRAPHY"},"content":{"rendered":"<div class=\"brz-root__container brz-reset-all\">\n<section data-uid=\"pxWWwP74ss\" id=\"pxWWwP74ss\" class=\"brz-section brz-css-buwnw\">\n<div class=\"brz-section__content brz-section--boxed brz-css-bqbis brz-css-cvxir\" data-custom-id=\"YFAtw9k4UH\">\n<div class=\"brz-container brz-css-lwasc\">\n<div class=\"brz-row__container brz-css-dwgis\" data-custom-id=\"EFtZchxlFl\">\n<div class=\"brz-row brz-css-dmfng\">\n<div class=\"brz-columns brz-css-gqjve brz-css-tdgnt\" data-custom-id=\"2QRdWpcwG3\">\n<div class=\"brz-column__items brz-css-mydxt brz-css-gxtxu\">\n<div class=\"brz-row__container brz-css-dwgis\" data-custom-id=\"Sakm7Uyqr4\">\n<div class=\"brz-row brz-row--inner brz-css-dmfng brz-css-hukmp\">\n<div class=\"brz-columns brz-css-gqjve brz-css-wttgq\" data-custom-id=\"k8MUND3JwT\">\n<div class=\"brz-column__items brz-css-mydxt brz-css-njdpy\">\n<div class=\"brz-css-wfoxu brz-css-pjshh brz-wrapper\">\n<div class=\"brz-rich-text brz-css-vzydc\" data-custom-id=\"tjHSrK3hHD\">\n<div>\n<h6 class=\"brz-css-eabes\" data-generated-css=\"brz-css-ezacq\" data-uniq-id=\"myemj\"><span class=\"brz-cp-color1\">INFRARED THERMOGRAPHY<\/span><\/h6>\n<h6 class=\"brz-css-xcciw\" data-generated-css=\"brz-css-sozuu\" data-uniq-id=\"dzxlv\"><span class=\"brz-cp-color3\">Protection &#8211; Maintenance pr\u00e9ventive &#8211; \u00c9conomie d\u2019\u00e9nergie <\/span><\/h6>\n<p data-generated-css=\"brz-css-bhpcj\" data-uniq-id=\"eysok\" class=\"brz-css-yuehf\"><\/p>\n<\/div>\n<\/div>\n<\/div>\n<div class=\"brz-css-wfoxu brz-wrapper\">\n<div class=\"brz-rich-text brz-css-vzydc\" data-custom-id=\"EU2EEAvtvi\">\n<div>\n<p class=\"brz-css-shcys\" data-uniq-id=\"pvcls\" data-generated-css=\"brz-css-uiefk\"><strong class=\"brz-cp-color1\">Industry<\/strong><\/p>\n<ul>\n<li class=\"brz-css-wyyxf\" data-uniq-id=\"fvkwd\" data-generated-css=\"brz-css-xukhn\">Overall assessment of industrial site<\/li>\n<li class=\"brz-css-awgbh\" data-uniq-id=\"offao\" data-generated-css=\"brz-css-fvwdf\">Electrical installations: BT, MT, HT<\/li>\n<li class=\"brz-css-sjwtl\" data-uniq-id=\"tpumy\" data-generated-css=\"brz-css-djbiv\">Mechanical installations: conveyor belt roller, reducers, etc.<\/li>\n<li class=\"brz-css-ookqn\" data-uniq-id=\"aqjdq\" data-generated-css=\"brz-css-nybcg\">Refractory installations: furnaces, boilers, hot air ducts, etc.<\/li>\n<li class=\"brz-css-ukaob\" data-uniq-id=\"ttplv\" data-generated-css=\"brz-css-uneee\">Insulation and sealing<\/li>\n<li class=\"brz-css-yttki\" data-uniq-id=\"hfjrf\" data-generated-css=\"brz-css-fuebz\">Refrigeration, pneumatic, hydraulic, and steam circuits,...<\/li>\n<\/ul>\n<p class=\"brz-css-rxlkt\" data-uniq-id=\"nvffm\" data-generated-css=\"brz-css-pafoi\"><\/p>\n<p class=\"brz-css-kruxz\" data-uniq-id=\"zueum\" data-generated-css=\"brz-css-wxxac\"><strong class=\"brz-cp-color1\">Process and quality control<\/strong><\/p>\n<ul>\n<li class=\"brz-css-bdtpx\" data-uniq-id=\"zrmkl\" data-generated-css=\"brz-css-xqnjf\">Paper<\/li>\n<li class=\"brz-css-jvrqg\" data-uniq-id=\"hfodn\" data-generated-css=\"brz-css-svsvx\">\u00c9lectronique<\/li>\n<li class=\"brz-css-kturb\" data-uniq-id=\"wcqkd\" data-generated-css=\"brz-css-pfazj\">Petrochemicals<\/li>\n<li class=\"brz-css-lbmsx\" data-uniq-id=\"othfx\" data-generated-css=\"brz-css-ezyia\">Agrifood<\/li>\n<li class=\"brz-css-cnqwj\" data-uniq-id=\"kthrg\" data-generated-css=\"brz-css-hoidg\">Pharmaceutical<\/li>\n<\/ul>\n<\/div>\n<\/div>\n<\/div>\n<\/div>\n<\/div>\n<\/div>\n<\/div>\n<\/div>\n<\/div>\n<\/div>\n<\/div>\n<\/div>\n<\/div>\n<\/section>\n<\/div>\n<p><!-- version:1651723255 --><\/p>","protected":false},"excerpt":{"rendered":"<p>THERMOGRAPHIE INFRAROUGE Protection &#8211; Maintenance pr\u00e9ventive &#8211; \u00c9conomie d\u2019\u00e9nergie Industrie Bilan global de site industriel Installations \u00e9lectriques : BT, MT, HT Installations m\u00e9caniques : rouleau de bande transporteuse, r\u00e9ducteurs &#8230; Installations r\u00e9fractaires : fours, chaudi\u00e8res, conduite d\u2019air chaud,&#8230; Calorifugeage et \u00e9tanch\u00e9it\u00e9 Circuits frigorifiques, pneumatiques, hydrauliques et vapeur,.. Process et contr\u00f4le qualit\u00e9 Papeterie \u00c9lectronique P\u00e9trochimie Agroalimentaire [&hellip;]<\/p>","protected":false},"author":1,"featured_media":0,"parent":0,"menu_order":0,"comment_status":"closed","ping_status":"closed","template":"visual-builder-template.php","meta":[],"_links":{"self":[{"href":"https:\/\/www.gms-tunisia.com\/en\/wp-json\/wp\/v2\/pages\/734"}],"collection":[{"href":"https:\/\/www.gms-tunisia.com\/en\/wp-json\/wp\/v2\/pages"}],"about":[{"href":"https:\/\/www.gms-tunisia.com\/en\/wp-json\/wp\/v2\/types\/page"}],"author":[{"embeddable":true,"href":"https:\/\/www.gms-tunisia.com\/en\/wp-json\/wp\/v2\/users\/1"}],"replies":[{"embeddable":true,"href":"https:\/\/www.gms-tunisia.com\/en\/wp-json\/wp\/v2\/comments?post=734"}],"version-history":[{"count":7,"href":"https:\/\/www.gms-tunisia.com\/en\/wp-json\/wp\/v2\/pages\/734\/revisions"}],"predecessor-version":[{"id":817,"href":"https:\/\/www.gms-tunisia.com\/en\/wp-json\/wp\/v2\/pages\/734\/revisions\/817"}],"wp:attachment":[{"href":"https:\/\/www.gms-tunisia.com\/en\/wp-json\/wp\/v2\/media?parent=734"}],"curies":[{"name":"wp","href":"https:\/\/api.w.org\/{rel}","templated":true}]}}