{"id":755,"date":"2022-05-05T00:10:47","date_gmt":"2022-05-04T22:10:47","guid":{"rendered":"https:\/\/www.gms-tunisia.com\/?page_id=755"},"modified":"2022-05-05T06:00:51","modified_gmt":"2022-05-05T04:00:51","slug":"controle-non-destructif","status":"publish","type":"page","link":"https:\/\/www.gms-tunisia.com\/en\/controle-non-destructif\/","title":{"rendered":"NON-DESTRUCTIVE TESTING"},"content":{"rendered":"<div class=\"brz-root__container brz-reset-all\">\n<section data-uid=\"pxWWwP74ss\" id=\"pxWWwP74ss\" class=\"brz-section brz-css-qbvug\">\n<div class=\"brz-section__content brz-section--boxed brz-css-lqhbr brz-css-vrbuo\" data-custom-id=\"YFAtw9k4UH\">\n<div class=\"brz-container brz-css-jywnx\">\n<div class=\"brz-row__container brz-css-skvhe\" data-custom-id=\"EFtZchxlFl\">\n<div class=\"brz-row brz-css-crrqi\">\n<div class=\"brz-columns brz-css-hkueu brz-css-atxci\" data-custom-id=\"2QRdWpcwG3\">\n<div class=\"brz-column__items brz-css-wqyss brz-css-jwxyl\">\n<div class=\"brz-row__container brz-css-skvhe\" data-custom-id=\"Sakm7Uyqr4\">\n<div class=\"brz-row brz-row--inner brz-css-crrqi brz-css-nhgpv\">\n<div class=\"brz-columns brz-css-hkueu brz-css-moauh\" data-custom-id=\"k8MUND3JwT\">\n<div class=\"brz-column__items brz-css-wqyss brz-css-iwrpu\">\n<div class=\"brz-css-jrcsr brz-css-zrrxd brz-wrapper\">\n<div class=\"brz-rich-text brz-css-rwdro\" data-custom-id=\"tjHSrK3hHD\">\n<div>\n<h6 class=\"brz-css-kapki\" data-generated-css=\"brz-css-zhakz\" data-uniq-id=\"aeryc\"><span class=\"brz-cp-color1\">CONTR\u00d4LE NON DESTRUCTIF<\/span><\/h6>\n<h6 class=\"brz-css-jdvgo\" data-generated-css=\"brz-css-qesfz\" data-uniq-id=\"uvxms\"><span class=\"brz-cp-color3\">Safety \u2013 Quality control \u2013 Preventive maintenance<\/span><\/h6>\n<p data-generated-css=\"brz-css-fpoqb\" data-uniq-id=\"ruyyt\" class=\"brz-css-relbv\"><\/p>\n<\/div>\n<\/div>\n<\/div>\n<div class=\"brz-css-jrcsr brz-wrapper\">\n<div class=\"brz-rich-text brz-css-rwdro\" data-custom-id=\"EU2EEAvtvi\">\n<div>\n<p class=\"brz-css-oyoyv\" data-generated-css=\"brz-css-gfsgi\" data-uniq-id=\"brdra\"><strong class=\"brz-cp-color1\">Eddy Currents and Ultrasonics<\/strong><\/p>\n<ul>\n<li class=\"brz-css-hyszl\" data-generated-css=\"brz-css-taffc\" data-uniq-id=\"suubw\">Control and Inspection of tubes<\/li>\n<li class=\"brz-css-hkdul\" data-generated-css=\"brz-css-qcnga\" data-uniq-id=\"elsky\">Chaudi\u00e8res, R\u00e9acteurs, \u00c9changeurs,<\/li>\n<li class=\"brz-css-hlufs\" data-generated-css=\"brz-css-aycxb\" data-uniq-id=\"vqbra\">Dry Coolers, Condensers, Pipes<\/li>\n<\/ul>\n<p class=\"brz-css-wkixr\" data-generated-css=\"brz-css-yoxem\" data-uniq-id=\"rfnvi\"><\/p>\n<p class=\"brz-css-qmgfa\" data-generated-css=\"brz-css-sknnt\" data-uniq-id=\"cwubs\"><strong class=\"brz-cp-color1\">Guided Lamb Ultrasonic Waves<\/strong><\/p>\n<ul>\n<li class=\"brz-css-wsgoi\" data-generated-css=\"brz-css-dtbbq\" data-uniq-id=\"wygxn\">Overall inspection and examination of pipes (buried, aerial) and generalized corrosion detection, location, and evaluation of defects<\/li>\n<\/ul>\n<p class=\"brz-css-nwgex\" data-generated-css=\"brz-css-mswnt\" data-uniq-id=\"ugvhv\"><\/p>\n<p class=\"brz-css-kjhvu\" data-generated-css=\"brz-css-wrukz\" data-uniq-id=\"mobwd\"><strong class=\"brz-cp-color1\">TOFD and ACFM methods<\/strong><\/p>\n<ul>\n<li class=\"brz-css-lgvxv\" data-generated-css=\"brz-css-bzmju\" data-uniq-id=\"yfzuy\">Control, Detection and Sizing of defects in welds<\/li>\n<\/ul>\n<p class=\"brz-css-aijyb\" data-generated-css=\"brz-css-yumke\" data-uniq-id=\"gzttp\"><\/p>\n<p class=\"brz-css-tfuop\" data-generated-css=\"brz-css-cvopr\" data-uniq-id=\"zbpxr\"><strong class=\"brz-cp-color1\">Acoustic Emission<\/strong><\/p>\n<ul>\n<li class=\"brz-css-scsxf\" data-generated-css=\"brz-css-yveto\" data-uniq-id=\"mpvqt\">Inspection and Monitoring of Pressure Equipment and Storage Tanks<\/li>\n<li class=\"brz-css-liiqu\" data-generated-css=\"brz-css-kjllk\" data-uniq-id=\"tkfbq\">\u00c9valuation d\u2019int\u00e9grit\u00e9 &amp; de pertes<\/li>\n<li class=\"brz-css-tlrwv\" data-generated-css=\"brz-css-ircuv\" data-uniq-id=\"cmdgs\">Localized corrosion detection<\/li>\n<li class=\"brz-css-ussau\" data-generated-css=\"brz-css-xsvwc\" data-uniq-id=\"maurf\">Leak detection<\/li>\n<li class=\"brz-css-vdqcg\" data-generated-css=\"brz-css-flyhs\" data-uniq-id=\"mheyq\">Checking tank bottoms (corrosion and leakage)<\/li>\n<\/ul>\n<\/div>\n<\/div>\n<\/div>\n<\/div>\n<\/div>\n<\/div>\n<\/div>\n<\/div>\n<\/div>\n<\/div>\n<\/div>\n<\/div>\n<\/div>\n<\/section>\n<\/div>\n<p><!-- version:1651723251 --><\/p>","protected":false},"excerpt":{"rendered":"<p>CONTR\u00d4LE NON DESTRUCTIF S\u00e9curit\u00e9 &#8211; Contr\u00f4le qualit\u00e9 &#8211; Maintenance pr\u00e9ventive Courants de Foucault et Ultrasons Contr\u00f4le et Inspection de tubes Chaudi\u00e8res, R\u00e9acteurs, \u00c9changeurs, A\u00e9ror\u00e9frig\u00e9rants, Condenseurs, Canalisations Ondes Ultrasonores de Lamb Guid\u00e9e Inspection et Examen global des pipes (enterr\u00e9s, a\u00e9riens) et d\u00e9tection de corrosion g\u00e9n\u00e9ralis\u00e9e, localisation et \u00e9valuation de d\u00e9fauts M\u00e9thodes TOFD et ACFM Contr\u00f4le, D\u00e9tection [&hellip;]<\/p>","protected":false},"author":1,"featured_media":0,"parent":0,"menu_order":0,"comment_status":"closed","ping_status":"closed","template":"visual-builder-template.php","meta":[],"_links":{"self":[{"href":"https:\/\/www.gms-tunisia.com\/en\/wp-json\/wp\/v2\/pages\/755"}],"collection":[{"href":"https:\/\/www.gms-tunisia.com\/en\/wp-json\/wp\/v2\/pages"}],"about":[{"href":"https:\/\/www.gms-tunisia.com\/en\/wp-json\/wp\/v2\/types\/page"}],"author":[{"embeddable":true,"href":"https:\/\/www.gms-tunisia.com\/en\/wp-json\/wp\/v2\/users\/1"}],"replies":[{"embeddable":true,"href":"https:\/\/www.gms-tunisia.com\/en\/wp-json\/wp\/v2\/comments?post=755"}],"version-history":[{"count":9,"href":"https:\/\/www.gms-tunisia.com\/en\/wp-json\/wp\/v2\/pages\/755\/revisions"}],"predecessor-version":[{"id":815,"href":"https:\/\/www.gms-tunisia.com\/en\/wp-json\/wp\/v2\/pages\/755\/revisions\/815"}],"wp:attachment":[{"href":"https:\/\/www.gms-tunisia.com\/en\/wp-json\/wp\/v2\/media?parent=755"}],"curies":[{"name":"wp","href":"https:\/\/api.w.org\/{rel}","templated":true}]}}