{"id":768,"date":"2022-05-05T00:19:02","date_gmt":"2022-05-04T22:19:02","guid":{"rendered":"https:\/\/www.gms-tunisia.com\/?page_id=768"},"modified":"2022-05-05T06:00:57","modified_gmt":"2022-05-05T04:00:57","slug":"analyse-des-huiles-en-service","status":"publish","type":"page","link":"https:\/\/www.gms-tunisia.com\/en\/analyse-des-huiles-en-service\/","title":{"rendered":"IN-SERVICE OIL ANALYSIS"},"content":{"rendered":"<div class=\"brz-root__container brz-reset-all\">\n<section data-uid=\"pxWWwP74ss\" id=\"pxWWwP74ss\" class=\"brz-section brz-css-bdgpd\">\n<div class=\"brz-section__content brz-section--boxed brz-css-uqcjy brz-css-pagng\" data-custom-id=\"YFAtw9k4UH\">\n<div class=\"brz-container brz-css-fzzsj\">\n<div class=\"brz-row__container brz-css-oxuer\" data-custom-id=\"EFtZchxlFl\">\n<div class=\"brz-row brz-css-gffpv\">\n<div class=\"brz-columns brz-css-pvvcq brz-css-hllmt\" data-custom-id=\"2QRdWpcwG3\">\n<div class=\"brz-column__items brz-css-hpttu brz-css-jcztq\">\n<div class=\"brz-row__container brz-css-oxuer\" data-custom-id=\"Sakm7Uyqr4\">\n<div class=\"brz-row brz-row--inner brz-css-gffpv brz-css-lzidj\">\n<div class=\"brz-columns brz-css-pvvcq brz-css-nogqi\" data-custom-id=\"k8MUND3JwT\">\n<div class=\"brz-column__items brz-css-hpttu brz-css-uordh\">\n<div class=\"brz-css-xxqcb brz-css-tsmvy brz-wrapper\">\n<div class=\"brz-rich-text brz-css-ixsqb\" data-custom-id=\"tjHSrK3hHD\">\n<div>\n<h6 class=\"brz-css-xgjiz\" data-generated-css=\"brz-css-ylhjp\" data-uniq-id=\"wmdwk\"><span class=\"brz-cp-color1\">IN-SERVICE OIL ANALYSIS<\/span><\/h6>\n<h6 class=\"brz-css-tzxem\" data-generated-css=\"brz-css-xoaym\" data-uniq-id=\"urtan\"><span class=\"brz-cp-color3\">\u00c9conomie &#8211; Environnement &#8211; Maintenance parc machine<\/span><\/h6>\n<p data-generated-css=\"brz-css-bieju\" data-uniq-id=\"itgau\" class=\"brz-css-fhcza\"><\/p>\n<\/div>\n<\/div>\n<\/div>\n<div class=\"brz-css-xxqcb brz-wrapper\">\n<div class=\"brz-rich-text brz-css-ixsqb\" data-custom-id=\"EU2EEAvtvi\">\n<div>\n<p class=\"brz-css-rzrwf\" data-uniq-id=\"vstig\" data-generated-css=\"brz-css-fooyq\"><strong class=\"brz-cp-color1\">Analysis of hydraulic oils<\/strong><\/p>\n<ul>\n<li class=\"brz-css-jgzcu\" data-uniq-id=\"ipgsg\" data-generated-css=\"brz-css-iwdxx\">Viscosit\u00e9 \u00e0 40 &amp; 100\u00b0C (norme ASTM D 445)<\/li>\n<li class=\"brz-css-iozkt\" data-uniq-id=\"rmyab\" data-generated-css=\"brz-css-bjekj\">Viscosity at 40 &amp; 100\u00b0C (ASTM D 445 standard)<\/li>\n<li class=\"brz-css-sihfl\" data-uniq-id=\"ukvsa\" data-generated-css=\"brz-css-wldka\">Water dosage (%)<\/li>\n<li class=\"brz-css-orbek\" data-uniq-id=\"ksyvq\" data-generated-css=\"brz-css-kuorg\">Laser particle counting<\/li>\n<li class=\"brz-css-scwcd\" data-uniq-id=\"xwikk\" data-generated-css=\"brz-css-wqgfy\">Spectrometric (ASTM D 6595 standard) and Physico-chemical analyzes<\/li>\n<li class=\"brz-css-vqwbc\" data-uniq-id=\"hdtgy\" data-generated-css=\"brz-css-jntge\">Infrared analysis (ASTM D standard)<\/li>\n<li class=\"brz-css-ntkfq\" data-uniq-id=\"qjujf\" data-generated-css=\"brz-css-aehet\">TAN<\/li>\n<\/ul>\n<p class=\"brz-css-phbwq\" data-uniq-id=\"dhwwg\" data-generated-css=\"brz-css-oxujd\"><\/p>\n<p class=\"brz-css-lpmpd\" data-uniq-id=\"tlttd\" data-generated-css=\"brz-css-rnhnn\"><strong class=\"brz-cp-color1\">Fat analysis<\/strong><\/p>\n<ul>\n<li class=\"brz-css-kcawn\" data-uniq-id=\"noxij\" data-generated-css=\"brz-css-honio\">Water dosage (%)<\/li>\n<li class=\"brz-css-grgur\" data-uniq-id=\"qpkwz\" data-generated-css=\"brz-css-pgfhz\">Laser particle counting<\/li>\n<li class=\"brz-css-iznob\" data-uniq-id=\"hntdp\" data-generated-css=\"brz-css-pworx\">ICP spectrometry<\/li>\n<li class=\"brz-css-krszr\" data-uniq-id=\"qufzj\" data-generated-css=\"brz-css-ejhis\">Gravimetry<\/li>\n<\/ul>\n<p class=\"brz-css-uvchz\" data-uniq-id=\"whfms\" data-generated-css=\"brz-css-ocvof\"><\/p>\n<p class=\"brz-css-otwwi\" data-uniq-id=\"pkmvn\" data-generated-css=\"brz-css-izunk\"><strong class=\"brz-cp-color1\">Analysis of transformer oils<\/strong><\/p>\n<ul>\n<li class=\"brz-css-csubk\" data-uniq-id=\"eelvn\" data-generated-css=\"brz-css-fxdaw\">Aspect<\/li>\n<li class=\"brz-css-panne\" data-uniq-id=\"hxhdp\" data-generated-css=\"brz-css-ajseh\">Viscosity at 40\u00b0C and at 100\u00b0C<\/li>\n<li class=\"brz-css-stcib\" data-uniq-id=\"xeizk\" data-generated-css=\"brz-css-tbwqo\">Viscosity Index<\/li>\n<li class=\"brz-css-scxno\" data-uniq-id=\"aqzjk\" data-generated-css=\"brz-css-wrtob\">ASTM color<\/li>\n<li class=\"brz-css-nrdqa\" data-uniq-id=\"dzvzj\" data-generated-css=\"brz-css-nhafh\">Density at 15\u00b0C<\/li>\n<li class=\"brz-css-tihci\" data-uniq-id=\"wigxb\" data-generated-css=\"brz-css-ksbcx\">Flash point<\/li>\n<li class=\"brz-css-idvpc\" data-uniq-id=\"xzcqw\" data-generated-css=\"brz-css-qhuue\">Heavy metals<\/li>\n<li class=\"brz-css-shops\" data-uniq-id=\"ywsgu\" data-generated-css=\"brz-css-oghce\">Pour point<\/li>\n<li class=\"brz-css-ichmh\" data-uniq-id=\"jtylt\" data-generated-css=\"brz-css-evaeu\">Ash content<\/li>\n<li class=\"brz-css-dqwkr\" data-uniq-id=\"lheha\" data-generated-css=\"brz-css-vpooc\">Water Content \/ KARL FISHER<\/li>\n<li class=\"brz-css-qrvpr\" data-uniq-id=\"innug\" data-generated-css=\"brz-css-ztvnr\">Total Acid Number (TAN) &amp; Total Basic Number (TBN)<\/li>\n<li class=\"brz-css-wshpx\" data-uniq-id=\"cjxzm\" data-generated-css=\"brz-css-cyqtp\">Demulsification, foaming and corrosion test<\/li>\n<li class=\"brz-css-nvovf\" data-uniq-id=\"xdmxy\" data-generated-css=\"brz-css-jdlmj\">Laser particles counting<\/li>\n<li class=\"brz-css-vcouh\" data-uniq-id=\"qcezr\" data-generated-css=\"brz-css-ihilr\">Dissolved Gas Analysis<\/li>\n<li class=\"brz-css-vazcd\" data-uniq-id=\"gqbid\" data-generated-css=\"brz-css-swhak\">Dielectric<\/li>\n<\/ul>\n<\/div>\n<\/div>\n<\/div>\n<\/div>\n<\/div>\n<\/div>\n<\/div>\n<\/div>\n<\/div>\n<\/div>\n<\/div>\n<\/div>\n<\/div>\n<\/section>\n<\/div>\n<p><!-- version:1651723257 --><\/p>","protected":false},"excerpt":{"rendered":"<p>ANALYSE DES HUILES EN SERVICE \u00c9conomie &#8211; Environnement &#8211; Maintenance parc machine Analyse des huiles hydraulique Viscosit\u00e9 \u00e0 40 &amp; 100\u00b0C (norme ASTM D 445) Indice de viscosit\u00e9 (norme ASTM D 567) Dosage de l\u2019eau (%) Comptage laser des particules Analyses spectrom\u00e9trique (norme ASTM D 6595) et physico-chimiques Analyse Infra Rouge (norme ASTM D) TAN [&hellip;]<\/p>","protected":false},"author":1,"featured_media":0,"parent":0,"menu_order":0,"comment_status":"closed","ping_status":"closed","template":"visual-builder-template.php","meta":[],"_links":{"self":[{"href":"https:\/\/www.gms-tunisia.com\/en\/wp-json\/wp\/v2\/pages\/768"}],"collection":[{"href":"https:\/\/www.gms-tunisia.com\/en\/wp-json\/wp\/v2\/pages"}],"about":[{"href":"https:\/\/www.gms-tunisia.com\/en\/wp-json\/wp\/v2\/types\/page"}],"author":[{"embeddable":true,"href":"https:\/\/www.gms-tunisia.com\/en\/wp-json\/wp\/v2\/users\/1"}],"replies":[{"embeddable":true,"href":"https:\/\/www.gms-tunisia.com\/en\/wp-json\/wp\/v2\/comments?post=768"}],"version-history":[{"count":7,"href":"https:\/\/www.gms-tunisia.com\/en\/wp-json\/wp\/v2\/pages\/768\/revisions"}],"predecessor-version":[{"id":819,"href":"https:\/\/www.gms-tunisia.com\/en\/wp-json\/wp\/v2\/pages\/768\/revisions\/819"}],"wp:attachment":[{"href":"https:\/\/www.gms-tunisia.com\/en\/wp-json\/wp\/v2\/media?parent=768"}],"curies":[{"name":"wp","href":"https:\/\/api.w.org\/{rel}","templated":true}]}}