{"id":792,"date":"2022-05-05T00:45:41","date_gmt":"2022-05-04T22:45:41","guid":{"rendered":"https:\/\/www.gms-tunisia.com\/?page_id=792"},"modified":"2022-05-05T02:03:37","modified_gmt":"2022-05-05T00:03:37","slug":"nos-references","status":"publish","type":"page","link":"https:\/\/www.gms-tunisia.com\/en\/nos-references\/","title":{"rendered":"Nos R\u00e9f\u00e9rences"},"content":{"rendered":"<div class=\"brz-root__container brz-reset-all\">\n<section data-uid=\"pxWWwP74ss\" id=\"pxWWwP74ss\" class=\"brz-section brz-css-cpwia\">\n<div class=\"brz-section__content brz-section--boxed brz-css-xukqz brz-css-bfndb\" data-custom-id=\"YFAtw9k4UH\">\n<div class=\"brz-container brz-css-lason\">\n<div class=\"brz-row__container brz-css-kfmcr\" data-custom-id=\"EFtZchxlFl\">\n<div class=\"brz-row brz-css-qtumq\">\n<div class=\"brz-columns brz-css-kocrv brz-css-hurkn\" data-custom-id=\"2QRdWpcwG3\">\n<div class=\"brz-column__items brz-css-dxnol brz-css-clrbp\">\n<div class=\"brz-row__container brz-css-kfmcr\" data-custom-id=\"Sakm7Uyqr4\">\n<div class=\"brz-row brz-row--inner brz-css-qtumq brz-css-uhxha\">\n<div class=\"brz-columns brz-css-kocrv brz-css-bkupm\" data-custom-id=\"k8MUND3JwT\">\n<div class=\"brz-column__items brz-css-dxnol brz-css-hdlkh\">\n<div class=\"brz-css-ihuiy brz-css-fvkfz brz-wrapper\">\n<div class=\"brz-rich-text brz-css-eybye\" data-custom-id=\"tjHSrK3hHD\">\n<div>\n<h6 class=\"brz-css-pzlfh\" data-uniq-id=\"sozwn\" data-generated-css=\"brz-css-zyxmn\"><span class=\"brz-cp-color1\">OUR REFERENCES<\/span><\/h6>\n<p data-uniq-id=\"odpos\" data-generated-css=\"brz-css-pvncd\" class=\"brz-css-ncwjo\"><\/p>\n<\/div>\n<\/div>\n<\/div>\n<div class=\"brz-css-ihuiy brz-wrapper\">\n<div class=\"brz-rich-text brz-css-eybye\" data-custom-id=\"EU2EEAvtvi\">\n<div>\n<p class=\"brz-css-iiaah\" data-generated-css=\"brz-css-xhjfe\" data-uniq-id=\"glhfr\"><\/p>\n<ul>\n<li class=\"brz-css-juevl\" data-generated-css=\"brz-css-dqweg\" data-uniq-id=\"odolx\"><strong class=\"brz-cp-color3\">OIL INDUSTRY<\/strong><strong> <\/strong>: STIR RAFFINERIE, NAFETEC SKIKDA (DZ), CTF, SEREPT, CTKP, LUNDIN, SOTRAPIL, SONATRACH (DZ), TPS, BRITISH GAS.<\/li>\n<li class=\"brz-css-gwnfu\" data-generated-css=\"brz-css-yocwa\" data-uniq-id=\"waant\"><strong class=\"brz-cp-color3\">CHEMICAL INDUSTRY <\/strong>: GROUPE CHIMIQUE TUNISIEN (GABES, SFAX, SKHIRA,GAFSA), ALKIMA, ICF, HENKEL, BMT.<\/li>\n<li class=\"brz-css-kdfuo\" data-generated-css=\"brz-css-fgjxe\" data-uniq-id=\"amvyz\"><strong class=\"brz-cp-color3\">CEMENT PLANT<\/strong> : Carthage Cement SOTACIB, Ste CIMENTS ENFIDHA, CIOK, CJO,CIMENTS DE BIZERTE, BWT, HADJAR SOUD (ALGERIE), AIN EL KEBIRA<\/li>\n<\/ul>\n<p class=\"brz-css-eqjoa\" data-generated-css=\"brz-css-wpipg\" data-uniq-id=\"ekdcg\">(ALGERIE), ALHAWARI (LYBIE), RIMAR (LYBIE), GAN.<\/p>\n<ul>\n<li class=\"brz-css-tuhyz\" data-generated-css=\"brz-css-vuzrl\" data-uniq-id=\"enfdq\"><strong class=\"brz-cp-color3\">CERAMIC MANUFACTURING<\/strong> : Carthago Ceramic, Kharraz Gr\u00e9s C\u00e9ram, Essid C\u00e9ram<\/li>\n<li class=\"brz-css-myyfz\" data-generated-css=\"brz-css-xvzuy\" data-uniq-id=\"iobch\"><strong class=\"brz-cp-color3\">PAPER<\/strong> : TUNISIE OUATE, AZUR PAPIER, SOTIPAPIER, SELECTA<\/li>\n<li class=\"brz-css-ntqrw\" data-generated-css=\"brz-css-rgylx\" data-uniq-id=\"ppgal\"><strong class=\"brz-cp-color3\">GLASS INDUSTRY<\/strong> : VERRERIE NAASSEN, SOTUVER<\/li>\n<li class=\"brz-css-mmmqb\" data-generated-css=\"brz-css-jslft\" data-uniq-id=\"abctc\"><strong class=\"brz-cp-color3\">FOOD INDUSTRY<\/strong>: SICAM, ABIDA, SMT, SEABG, SGBA, SNA<\/li>\n<li class=\"brz-css-ejpkx\" data-generated-css=\"brz-css-arbpt\" data-uniq-id=\"rppqj\"><strong class=\"brz-cp-color3\">ELECTRONICS INDUSTRY<\/strong> : AUTRONIC, CHAKIRA GROUP<\/li>\n<li class=\"brz-css-vzyfj\" data-generated-css=\"brz-css-rjbkz\" data-uniq-id=\"njttk\"><strong class=\"brz-cp-color3\">MECHANICAL INDUSTRY<\/strong> : DEFONTAINE, CMRT, COTREL,<\/li>\n<li class=\"brz-css-vrwip\" data-generated-css=\"brz-css-odapq\" data-uniq-id=\"ebzmj\"><strong class=\"brz-cp-color3\">ENERGY PRODUCTION<\/strong> : STEG, CPC, TUNISIE GAZ INDUSTRIE, SERGAZ,SNEL (CANGO),<\/li>\n<li class=\"brz-css-gkbym\" data-generated-css=\"brz-css-shkqs\" data-uniq-id=\"rhsjv\"><strong class=\"brz-cp-color3\">WOOD INDUSTRY<\/strong> : MDF (GROUPE POULINA)<\/li>\n<li class=\"brz-css-yixxg\" data-generated-css=\"brz-css-wyjzl\" data-uniq-id=\"myoaf\"><strong class=\"brz-cp-color3\">WATER OPERATION <\/strong>: SONEDE, SECADENORD, ONAS<\/li>\n<li class=\"brz-css-mplpn\" data-generated-css=\"brz-css-nmlxp\" data-uniq-id=\"zviom\"><strong class=\"brz-cp-color3\">MINING INDUSTRY <\/strong>: CPG, GAC (Filiale de EGA) en Guin\u00e9e<\/li>\n<li class=\"brz-css-ibcab\" data-generated-css=\"brz-css-wexbs\" data-uniq-id=\"uxdsr\"><strong class=\"brz-cp-color3\">SANITARY INDUSTRY <\/strong>: IDEALE SANITAIRE<\/li>\n<\/ul>\n<\/div>\n<\/div>\n<\/div>\n<\/div>\n<\/div>\n<\/div>\n<\/div>\n<\/div>\n<\/div>\n<\/div>\n<\/div>\n<\/div>\n<\/div>\n<\/section>\n<\/div>\n<p><!-- version:1651709017 --><\/p>","protected":false},"excerpt":{"rendered":"<p>NOS REFERENCES INDUSTRIE P\u00c9TROLI\u00c8RE : STIR RAFFINERIE, NAFETEC SKIKDA (DZ), CTF, SEREPT, CTKP, LUNDIN, SOTRAPIL, SONATRACH (DZ), TPS, BRITISH GAS. INDUSTRIE CHIMIQUE : GROUPE CHIMIQUE TUNISIEN (GABES, SFAX, SKHIRA,GAFSA), ALKIMA, ICF, HENKEL, BMT. CIMENTERIE : Carthage Cement SOTACIB, Ste CIMENTS ENFIDHA, CIOK, CJO,CIMENTS DE BIZERTE, BWT, HADJAR SOUD (ALGERIE), AIN EL KEBIRA (ALGERIE), ALHAWARI (LYBIE), [&hellip;]<\/p>","protected":false},"author":1,"featured_media":0,"parent":0,"menu_order":0,"comment_status":"closed","ping_status":"closed","template":"visual-builder-template.php","meta":[],"_links":{"self":[{"href":"https:\/\/www.gms-tunisia.com\/en\/wp-json\/wp\/v2\/pages\/792"}],"collection":[{"href":"https:\/\/www.gms-tunisia.com\/en\/wp-json\/wp\/v2\/pages"}],"about":[{"href":"https:\/\/www.gms-tunisia.com\/en\/wp-json\/wp\/v2\/types\/page"}],"author":[{"embeddable":true,"href":"https:\/\/www.gms-tunisia.com\/en\/wp-json\/wp\/v2\/users\/1"}],"replies":[{"embeddable":true,"href":"https:\/\/www.gms-tunisia.com\/en\/wp-json\/wp\/v2\/comments?post=792"}],"version-history":[{"count":6,"href":"https:\/\/www.gms-tunisia.com\/en\/wp-json\/wp\/v2\/pages\/792\/revisions"}],"predecessor-version":[{"id":821,"href":"https:\/\/www.gms-tunisia.com\/en\/wp-json\/wp\/v2\/pages\/792\/revisions\/821"}],"wp:attachment":[{"href":"https:\/\/www.gms-tunisia.com\/en\/wp-json\/wp\/v2\/media?parent=792"}],"curies":[{"name":"wp","href":"https:\/\/api.w.org\/{rel}","templated":true}]}}